{"id":2817,"date":"2022-12-19T18:18:48","date_gmt":"2022-12-19T17:18:48","guid":{"rendered":"https:\/\/rcai.de\/?page_id=2817"},"modified":"2024-02-13T01:34:39","modified_gmt":"2024-02-13T00:34:39","slug":"electroacoustics","status":"publish","type":"page","link":"https:\/\/rcai.de\/en\/labs\/electroacoustics\/","title":{"rendered":"Electroacoustics Laboratory"},"content":{"rendered":"<div class=\"wp-block-group alignwide has-global-padding is-layout-constrained wp-block-group-is-layout-constrained\">\n<figure class=\"wp-block-image aligncenter size-large is-resized is-style-rounded\"><img loading=\"lazy\" decoding=\"async\" width=\"1024\" height=\"1024\" src=\"https:\/\/rcai.de\/wp-content\/uploads\/2022\/12\/Armin_Sehr_square-1024x1024.jpg\" alt=\"\" class=\"wp-image-2825\" style=\"width:200px;height:200px\" srcset=\"https:\/\/rcai.de\/wp-content\/uploads\/2022\/12\/Armin_Sehr_square-1024x1024.jpg 1024w, https:\/\/rcai.de\/wp-content\/uploads\/2022\/12\/Armin_Sehr_square-300x300.jpg 300w, https:\/\/rcai.de\/wp-content\/uploads\/2022\/12\/Armin_Sehr_square-150x150.jpg 150w, https:\/\/rcai.de\/wp-content\/uploads\/2022\/12\/Armin_Sehr_square-768x768.jpg 768w, https:\/\/rcai.de\/wp-content\/uploads\/2022\/12\/Armin_Sehr_square-1536x1536.jpg 1536w, https:\/\/rcai.de\/wp-content\/uploads\/2022\/12\/Armin_Sehr_square-375x375.jpg 375w, https:\/\/rcai.de\/wp-content\/uploads\/2022\/12\/Armin_Sehr_square.jpg 1711w\" sizes=\"auto, (max-width: 1024px) 100vw, 1024px\" \/><\/figure>\n\n\n\n<h2 class=\"wp-block-heading has-text-align-center has-dm-sans-font-family has-medium-font-size\" style=\"line-height:1.6\">Prof. Dr.-Ing. Armin Sehr<br>Laborleiter<\/h2>\n\n\n\n<div class=\"wp-block-columns alignwide tw-cols-stack-md is-layout-flex wp-container-core-columns-is-layout-41b5ec3a wp-block-columns-is-layout-flex\" style=\"padding-top:0;padding-right:0;padding-bottom:0;padding-left:0\">\n<div class=\"wp-block-column is-layout-flow wp-block-column-is-layout-flow\" style=\"--col-width:55%;flex-basis:55%\">\n<h2 class=\"wp-block-heading alignwide has-dm-sans-font-family\" style=\"font-size:clamp(1.25em, 1.25rem + ((1vw - 0.2em) * 1.364), 2em);\">Electroacoustics Laboratory<\/h2>\n\n\n\n<div style=\"height:30px\" aria-hidden=\"true\" class=\"wp-block-spacer\"><\/div>\n\n\n\n<p class=\"has-dm-sans-font-family\">Die Arbeiten im Labor Elektroakustik fokussieren sich auf Machine-Learning-Verfahren und Anwendungen der digitalen Signalverarbeitung.<\/p>\n\n\n\n<p class=\"has-dm-sans-font-family\">Ein Schwerpunkt liegt dabei auf der Verbesserung, Lokalisierung und Erkennung von Audiosignalen. Einen weiteren Schwerpunkt stellt die effiziente Implementierung von Signalverarbeitungs- und Machine-Learning-Verfahren auf Embedded Systems dar. Eine wichtige Anwendung der genannten Techniken, an der ebenfalls im Labor gearbeitet wird, ist die Automatisierungstechnik, insbesondere die vorausschauende Instandhaltung.<\/p>\n\n\n\n<p class=\"has-dm-sans-font-family\">Dar\u00fcber hinaus verf\u00fcgt das Labor \u00fcber einen hallarmen Raum und die n\u00f6tigen Messeinrichtungen, um akustische Messungen durchzuf\u00fchren. Beispiele solcher Messungen sind die Ermittlung der Frequenzg\u00e4nge und Richtdiagramme von Lautsprechern.<\/p>\n<\/div>\n\n\n\n<div class=\"wp-block-column is-vertically-aligned-top has-dm-sans-font-family is-layout-flow wp-block-column-is-layout-flow\">\n<div style=\"height:35px\" aria-hidden=\"true\" class=\"wp-block-spacer\"><\/div>\n\n\n\n<h3 class=\"wp-block-heading has-large-font-size\" style=\"margin-top:30px\">Fields of interest<\/h3>\n\n\n\n<p>Mustererkennung<br>Signal-\/Zeitreihenanalyse<br>Prognose<br><br>KI im Automotive-Sektor, in Geb\u00e4uden und Infrastruktur sowie in der Produktion<\/p>\n\n\n\n<h3 class=\"wp-block-heading has-large-font-size\" style=\"margin-top:30px\">Contact<\/h3>\n\n\n\n<p>+49 (0) 941 943-9219<br><a href=\"\/en\/&\/#x6d;&#x61;&#x69;&#x6c;&#x74;&#x6f;&#x3a;&#x61;&#x72;&#x6d;&#x69;&#x6e;&#x2e;&#x73;&#x65;&#x68;&#x72;&#x40;&#x6f;&#x74;&#x68;&#x2d;&#114;&#101;&#103;&#101;&#110;&#115;&#98;&#117;&#114;&#103;&#46;&#100;&#101;\">&#97;r&#x6d;i&#x6e;&#46;&#x73;&#101;&#x68;&#114;&#64;&#x6f;t&#x68;&#45;&#x72;&#101;&#x67;&#101;&#x6e;&#115;b&#x75;r&#x67;&#46;&#x64;&#101;<\/a><br><a href=\"https:\/\/elektro-informationstechnik.oth-regensburg.de\/labore\/elektroakustik\">Website<\/a><\/p>\n\n\n\n<ul class=\"wp-block-social-links has-small-icon-size has-icon-color is-style-logos-only tw-hover-opacity is-layout-flex wp-container-core-social-links-is-layout-53286a0f wp-block-social-links-is-layout-flex\"><li style=\"color:var(--wp--preset--color--contrast);\" class=\"wp-social-link wp-social-link-google has-contrast-color wp-block-social-link\"><a href=\"https:\/\/scholar.google.de\/citations?user=SOit5UwAAAAJ&#038;hl=de\" class=\"wp-block-social-link-anchor\"><svg width=\"24\" height=\"24\" viewbox=\"0 0 24 24\" version=\"1.1\" xmlns=\"http:\/\/www.w3.org\/2000\/svg\" aria-hidden=\"true\" focusable=\"false\"><path d=\"M12.02,10.18v3.72v0.01h5.51c-0.26,1.57-1.67,4.22-5.5,4.22c-3.31,0-6.01-2.75-6.01-6.12s2.7-6.12,6.01-6.12 c1.87,0,3.13,0.8,3.85,1.48l2.84-2.76C16.99,2.99,14.73,2,12.03,2c-5.52,0-10,4.48-10,10s4.48,10,10,10c5.77,0,9.6-4.06,9.6-9.77 c0-0.83-0.11-1.42-0.25-2.05H12.02z\"><\/path><\/svg><span class=\"wp-block-social-link-label screen-reader-text\">Google<\/span><\/a><\/li><\/ul>\n<\/div>\n<\/div>\n<\/div>","protected":false},"excerpt":{"rendered":"<p>Prof. Dr.-Ing. Armin SehrLaborleiter Labor Elektroakustik Die Arbeiten im Labor Elektroakustik fokussieren sich auf Machine-Learning-Verfahren und Anwendungen der digitalen Signalverarbeitung. Ein Schwerpunkt liegt dabei auf der Verbesserung, Lokalisierung und Erkennung von Audiosignalen. Einen weiteren Schwerpunkt stellt die effiziente Implementierung von Signalverarbeitungs- und Machine-Learning-Verfahren auf Embedded Systems dar. Eine wichtige Anwendung der genannten Techniken, an der [&hellip;]<\/p>\n","protected":false},"author":8,"featured_media":0,"parent":2811,"menu_order":0,"comment_status":"closed","ping_status":"closed","template":"","meta":{"cybocfi_hide_featured_image":"","footnotes":""},"categories":[],"tags":[],"class_list":["post-2817","page","type-page","status-publish","hentry"],"_links":{"self":[{"href":"https:\/\/rcai.de\/en\/wp-json\/wp\/v2\/pages\/2817","targetHints":{"allow":["GET"]}}],"collection":[{"href":"https:\/\/rcai.de\/en\/wp-json\/wp\/v2\/pages"}],"about":[{"href":"https:\/\/rcai.de\/en\/wp-json\/wp\/v2\/types\/page"}],"author":[{"embeddable":true,"href":"https:\/\/rcai.de\/en\/wp-json\/wp\/v2\/users\/8"}],"replies":[{"embeddable":true,"href":"https:\/\/rcai.de\/en\/wp-json\/wp\/v2\/comments?post=2817"}],"version-history":[{"count":8,"href":"https:\/\/rcai.de\/en\/wp-json\/wp\/v2\/pages\/2817\/revisions"}],"predecessor-version":[{"id":5887,"href":"https:\/\/rcai.de\/en\/wp-json\/wp\/v2\/pages\/2817\/revisions\/5887"}],"up":[{"embeddable":true,"href":"https:\/\/rcai.de\/en\/wp-json\/wp\/v2\/pages\/2811"}],"wp:attachment":[{"href":"https:\/\/rcai.de\/en\/wp-json\/wp\/v2\/media?parent=2817"}],"wp:term":[{"taxonomy":"category","embeddable":true,"href":"https:\/\/rcai.de\/en\/wp-json\/wp\/v2\/categories?post=2817"},{"taxonomy":"post_tag","embeddable":true,"href":"https:\/\/rcai.de\/en\/wp-json\/wp\/v2\/tags?post=2817"}],"curies":[{"name":"wp","href":"https:\/\/api.w.org\/{rel}","templated":true}]}}