{"id":2821,"date":"2022-12-19T18:20:01","date_gmt":"2022-12-19T17:20:01","guid":{"rendered":"https:\/\/rcai.de\/?page_id=2821"},"modified":"2023-03-08T16:54:33","modified_gmt":"2023-03-08T15:54:33","slug":"start-up-center","status":"publish","type":"page","link":"https:\/\/rcai.de\/en\/labs\/start-up-center\/","title":{"rendered":"Start-Up Center"},"content":{"rendered":"<div class=\"wp-block-group alignwide has-global-padding is-layout-constrained wp-block-group-is-layout-constrained\">\n<figure class=\"wp-block-image aligncenter size-full is-resized is-style-rounded\"><img loading=\"lazy\" decoding=\"async\" src=\"https:\/\/rcai.de\/wp-content\/uploads\/2022\/12\/Sassmannshausen_IMG_4253-70x50-4-1024x740_square.jpg\" alt=\"\" class=\"wp-image-2801\" width=\"200\" height=\"200\" srcset=\"https:\/\/rcai.de\/wp-content\/uploads\/2022\/12\/Sassmannshausen_IMG_4253-70x50-4-1024x740_square.jpg 740w, https:\/\/rcai.de\/wp-content\/uploads\/2022\/12\/Sassmannshausen_IMG_4253-70x50-4-1024x740_square-300x300.jpg 300w, https:\/\/rcai.de\/wp-content\/uploads\/2022\/12\/Sassmannshausen_IMG_4253-70x50-4-1024x740_square-150x150.jpg 150w, https:\/\/rcai.de\/wp-content\/uploads\/2022\/12\/Sassmannshausen_IMG_4253-70x50-4-1024x740_square-375x375.jpg 375w\" sizes=\"auto, (max-width: 200px) 100vw, 200px\" \/><\/figure>\n\n\n\n<h2 class=\"has-text-align-center has-dm-sans-font-family has-medium-font-size wp-block-heading\" style=\"line-height:1.6\">Prof. Dr. Sean Patrick Sa\u00dfmannshausen<br>Leiter des Start-Up Centers<br><\/h2>\n\n\n\n<div class=\"wp-block-columns alignwide tw-cols-stack-md is-layout-flex wp-container-core-columns-is-layout-41b5ec3a wp-block-columns-is-layout-flex\" style=\"padding-top:0;padding-right:0;padding-bottom:0;padding-left:0\">\n<div class=\"wp-block-column is-layout-flow wp-block-column-is-layout-flow\" style=\"--col-width:55%;flex-basis:55%\">\n<h2 class=\"alignwide has-dm-sans-font-family wp-block-heading\" style=\"font-size:clamp(1.25em, 1.25rem + ((1vw - 0.2em) * 1.364), 2em);\">Start-Up Center<\/h2>\n\n\n\n<div style=\"height:30px\" aria-hidden=\"true\" class=\"wp-block-spacer\"><\/div>\n\n\n\n<p class=\"has-dm-sans-font-family\">Die Entwicklung K\u00fcnstlicher Intelligenz (KI) ist eine Basisinnovation, die das Potential besitzt, Pionierunternehmertum und langfristige, nachhaltige Innovationswellen auszul\u00f6sen. Gerade durch Neugr\u00fcndungen aus Hochschulen heraus k\u00f6nnen Entwicklungen in der Forschung zu K\u00fcnstlicher Intelligenz rasch in reale Wertsch\u00f6pfung transferiert werden, mit positiven Effekten auf strukturellen Wandel, Arbeitsm\u00e4rkte und internationale Wettbewerbsf\u00e4higkeit. <\/p>\n\n\n\n<p class=\"has-dm-sans-font-family\">Nach Sch\u00e4tzungen von Experten konnten deutsche Start-Ups, die Produkte und Dienstleistungen im Bereich der K\u00fcnstlichen Intelligenz auf den Markt bringen m\u00f6chten, bereits eine halbe Milliarde US-Dollar an Investitionen auf sich ziehen. Dennoch hinkt Deutschland nicht nur hinter L\u00e4ndern wie China und den USA hinterher, sondern beispielsweise auch hinter Frankreich. <\/p>\n\n\n\n<p class=\"has-dm-sans-font-family\">Das OTH start-up center unterst\u00fctzt daher Ausgr\u00fcndungen aus der Hochschule. Gerade im Bereich von KI-basierten Gr\u00fcndungen sehen wir hierin einen wichtigen Beitrag zur Hightech Agenda des Freistaates Bayern und zur Hightech-Strategie 2025 des Bundes.<\/p>\n\n\n\n<p class=\"has-dm-sans-font-family\">Konkret bieten wir Kolleginnen und Kollegen, den Laboren und Einrichtungen der OTH, Mitarbeiterinnen und Mitarbeitern sowie nat\u00fcrlich allen Studierenden folgende Leistungen:<\/p>\n\n\n\n<ul class=\"is-style-tw-dash has-dm-sans-font-family wp-block-list\">\n<li><strong>Wissen und Motivation<\/strong>: Angebote zur Gr\u00fcndungsqualifizierung und Gr\u00fcndungssensibilisierung, unter anderem mit dem Master Digital Entrepreneurship den Zertifikatsprogrammen \u201eGrow4Digital\u201c und \u201eDer Ingenieur als Unternehmer\u201c, einer Gr\u00fcnderferienakademie, der Start-up Factory, AW-Kursangeboten, dem Hochschulgr\u00fcndertag, dem fakult\u00e4ts\u00fcbergreifenden Bachelor-Studienschwerpunkt \u201eTechnik und Management\u201c sowie mit einer Vortragsreihe<\/li>\n\n\n\n<li><strong>Umsetzung<\/strong>: Gr\u00fcndungsberatung, Gr\u00fcndungscoaching und Begleitung einschlie\u00dflich der Entwicklung von Gesch\u00e4ftsmodellen und der Erstellung von Business-Pl\u00e4nen sowie der Teilnahme an Business-Plan- und anderen Gr\u00fcndungswettbewerben<\/li>\n\n\n\n<li><strong>Schutz<\/strong>: Unterst\u00fctzung bei der Patentierung sowie anderen gewerblichen Schutzrechten, Leistungs- und Urheberrechten<\/li>\n\n\n\n<li><strong>Infrastructure<\/strong>: Eine OTH-Gr\u00fcnderwerkstatt zur gemeinsamen Nutzung durch unsere Gr\u00fcnderteams, die TechBase Regensburg, der BioPark Regensburg, das Degginger, der Bertrandt Inkubator und weitere Gr\u00fcnderstandorte in der Region sind unsere Partner, die Gr\u00fcnderinnen und Gr\u00fcndern mehr bieten als nur R\u00e4umlichkeiten.<\/li>\n\n\n\n<li><strong>F\u00f6rdermittel<\/strong>: Wir unterst\u00fczten bei der Beantragung von F\u00f6rdermitteln f\u00fcr Gr\u00fcndung, gr\u00fcndungsnahe Forschung und technologische Validierung. Dabei \u00fcbernehmen wir es sogar, den AZA f\u00fcr Sie zu schreiben (z.B. EXIST Gr\u00fcnderstipendium, EXIST Forschungstransfer (Phase I &amp; II), Start?Zuschuss!, Digitalbonus, BayTOU, FL\u00dcGGE, u.v.m.).<\/li>\n\n\n\n<li><strong>Gr\u00fcndungsfinanzierung<\/strong>: Unterst\u00fctzung bei Crowdfunding, beim Zugang zu F\u00f6rderdarlehen, Eigenkapitalhilfen, Business-Angel- und Venture Capital-Finanzierung (z.B. BayernKapitel, HighTech Gr\u00fcnderfonds und private VC)<\/li>\n\n\n\n<li><strong>networking<\/strong>: Wir vernetzen Gr\u00fcnder mit Initiativen wie der Digitalen Gr\u00fcnderinitiative Oberpfalz, BayStartup, Binary Kitchen e.V. und CoPace GmbH. Wir k\u00f6nnen Gr\u00fcnderteams mit potentiellen Partnern, Investoren und vor allem Kunden zusammenbringen.<\/li>\n\n\n\n<li><strong>Pressearbeit und Public Relations<\/strong>: Wir unterst\u00fctzen Gr\u00fcndungen bei der initialen Pressearbeit und der Entwicklung von Public Relations.<\/li>\n\n\n\n<li><strong>Hands-On<\/strong>: Im OTH Start-Up Lab, dem neuen Makerspace f\u00fcr die OTH Regensburg, k\u00f6nnen Hochschulangeh\u00f6rige Demonstratoren, Konzeptstudien und funktionale Prototypen entwickeln und optimieren \u2013 jederzeit und kostenfrei.<\/li>\n<\/ul>\n<\/div>\n\n\n\n<div class=\"wp-block-column is-vertically-aligned-top has-dm-sans-font-family is-layout-flow wp-block-column-is-layout-flow\">\n<div style=\"height:38px\" aria-hidden=\"true\" class=\"wp-block-spacer\"><\/div>\n\n\n\n<h3 class=\"has-large-font-size wp-block-heading\" style=\"margin-top:30px\">Fields of interest<\/h3>\n\n\n\n<p>KI-Gr\u00fcndungsberatung<\/p>\n\n\n\n<h3 class=\"has-large-font-size wp-block-heading\" style=\"margin-top:30px\">Contact<\/h3>\n\n\n\n<p>+49 (0) 941 943-1099<br><a href=\"\/en\/&\/#x6d;&#97;i&#x6c;&#x74;&#111;:&#x73;&#x65;&#97;n&#x2e;&#115;a&#x73;&#x73;&#109;a&#x6e;&#x6e;&#115;h&#x61;&#117;&#115;&#x65;&#x6e;&#64;o&#x74;&#x68;&#45;r&#x65;&#103;&#101;n&#x73;&#98;u&#x72;&#x67;&#46;d&#x65;\">&#x73;&#x65;&#97;&#110;&#46;s&#x61;&#x73;&#x73;&#109;an&#x6e;&#x73;&#x68;&#97;&#117;s&#x65;&#x6e;&#x40;&#111;&#116;h&#x2d;&#x72;&#x65;&#103;&#101;ns&#x62;&#x75;&#x72;&#103;&#46;d&#x65;<\/a><br><a href=\"https:\/\/www.oth-regensburg.de\/personen\/detailansicht\/sean-patrick-sassmannshausen\">Website<\/a><\/p>\n\n\n\n<ul class=\"wp-block-social-links has-small-icon-size has-icon-color is-style-logos-only tw-hover-opacity is-layout-flex wp-container-core-social-links-is-layout-53286a0f wp-block-social-links-is-layout-flex\"><li style=\"color:var(--wp--preset--color--contrast);\" class=\"wp-social-link wp-social-link-linkedin has-contrast-color wp-block-social-link\"><a href=\"https:\/\/de.linkedin.com\/in\/dr-sean-patrick-sassmannshausen-31205b9\" class=\"wp-block-social-link-anchor\"><svg width=\"24\" height=\"24\" viewbox=\"0 0 24 24\" version=\"1.1\" xmlns=\"http:\/\/www.w3.org\/2000\/svg\" aria-hidden=\"true\" focusable=\"false\"><path d=\"M19.7,3H4.3C3.582,3,3,3.582,3,4.3v15.4C3,20.418,3.582,21,4.3,21h15.4c0.718,0,1.3-0.582,1.3-1.3V4.3 C21,3.582,20.418,3,19.7,3z M8.339,18.338H5.667v-8.59h2.672V18.338z M7.004,8.574c-0.857,0-1.549-0.694-1.549-1.548 c0-0.855,0.691-1.548,1.549-1.548c0.854,0,1.547,0.694,1.547,1.548C8.551,7.881,7.858,8.574,7.004,8.574z M18.339,18.338h-2.669 v-4.177c0-0.996-0.017-2.278-1.387-2.278c-1.389,0-1.601,1.086-1.601,2.206v4.249h-2.667v-8.59h2.559v1.174h0.037 c0.356-0.675,1.227-1.387,2.526-1.387c2.703,0,3.203,1.779,3.203,4.092V18.338z\"><\/path><\/svg><span class=\"wp-block-social-link-label screen-reader-text\">LinkedIn<\/span><\/a><\/li><\/ul>\n<\/div>\n<\/div>\n<\/div>","protected":false},"excerpt":{"rendered":"<p>Prof. Dr. Sean Patrick Sa\u00dfmannshausenLeiter des Start-Up Centers Start-Up Center Die Entwicklung K\u00fcnstlicher Intelligenz (KI) ist eine Basisinnovation, die das Potential besitzt, Pionierunternehmertum und langfristige, nachhaltige Innovationswellen auszul\u00f6sen. Gerade durch Neugr\u00fcndungen aus Hochschulen heraus k\u00f6nnen Entwicklungen in der Forschung zu K\u00fcnstlicher Intelligenz rasch in reale Wertsch\u00f6pfung transferiert werden, mit positiven Effekten auf strukturellen Wandel, Arbeitsm\u00e4rkte [&hellip;]<\/p>\n","protected":false},"author":8,"featured_media":0,"parent":2811,"menu_order":0,"comment_status":"closed","ping_status":"closed","template":"","meta":{"cybocfi_hide_featured_image":"","footnotes":""},"categories":[],"tags":[],"class_list":["post-2821","page","type-page","status-publish","hentry"],"_links":{"self":[{"href":"https:\/\/rcai.de\/en\/wp-json\/wp\/v2\/pages\/2821","targetHints":{"allow":["GET"]}}],"collection":[{"href":"https:\/\/rcai.de\/en\/wp-json\/wp\/v2\/pages"}],"about":[{"href":"https:\/\/rcai.de\/en\/wp-json\/wp\/v2\/types\/page"}],"author":[{"embeddable":true,"href":"https:\/\/rcai.de\/en\/wp-json\/wp\/v2\/users\/8"}],"replies":[{"embeddable":true,"href":"https:\/\/rcai.de\/en\/wp-json\/wp\/v2\/comments?post=2821"}],"version-history":[{"count":1,"href":"https:\/\/rcai.de\/en\/wp-json\/wp\/v2\/pages\/2821\/revisions"}],"predecessor-version":[{"id":4392,"href":"https:\/\/rcai.de\/en\/wp-json\/wp\/v2\/pages\/2821\/revisions\/4392"}],"up":[{"embeddable":true,"href":"https:\/\/rcai.de\/en\/wp-json\/wp\/v2\/pages\/2811"}],"wp:attachment":[{"href":"https:\/\/rcai.de\/en\/wp-json\/wp\/v2\/media?parent=2821"}],"wp:term":[{"taxonomy":"category","embeddable":true,"href":"https:\/\/rcai.de\/en\/wp-json\/wp\/v2\/categories?post=2821"},{"taxonomy":"post_tag","embeddable":true,"href":"https:\/\/rcai.de\/en\/wp-json\/wp\/v2\/tags?post=2821"}],"curies":[{"name":"wp","href":"https:\/\/api.w.org\/{rel}","templated":true}]}}