{"id":2838,"date":"2022-12-19T19:45:29","date_gmt":"2022-12-19T18:45:29","guid":{"rendered":"https:\/\/rcai.de\/?page_id=2838"},"modified":"2024-05-13T17:33:27","modified_gmt":"2024-05-13T15:33:27","slug":"sappz","status":"publish","type":"page","link":"https:\/\/rcai.de\/en\/labs\/sappz\/","title":{"rendered":"Sensor Applications Center"},"content":{"rendered":"<div class=\"wp-block-group alignwide has-global-padding is-layout-constrained wp-block-group-is-layout-constrained\">\n<div class=\"wp-block-columns is-layout-flex wp-container-core-columns-is-layout-d0b3c9c8 wp-block-columns-is-layout-flex\">\n<div class=\"wp-block-column is-layout-flow wp-block-column-is-layout-flow\">\n<figure class=\"wp-block-image aligncenter size-full is-resized is-style-rounded\"><img loading=\"lazy\" decoding=\"async\" width=\"801\" height=\"801\" src=\"https:\/\/rcai.de\/wp-content\/uploads\/2022\/12\/Rudolf_Bierl_OTH_Florian_Hammerich_s.png\" alt=\"\" class=\"wp-image-2932\" style=\"width:200px;height:200px\" srcset=\"https:\/\/rcai.de\/wp-content\/uploads\/2022\/12\/Rudolf_Bierl_OTH_Florian_Hammerich_s.png 801w, https:\/\/rcai.de\/wp-content\/uploads\/2022\/12\/Rudolf_Bierl_OTH_Florian_Hammerich_s-300x300.png 300w, https:\/\/rcai.de\/wp-content\/uploads\/2022\/12\/Rudolf_Bierl_OTH_Florian_Hammerich_s-150x150.png 150w, https:\/\/rcai.de\/wp-content\/uploads\/2022\/12\/Rudolf_Bierl_OTH_Florian_Hammerich_s-768x768.png 768w, https:\/\/rcai.de\/wp-content\/uploads\/2022\/12\/Rudolf_Bierl_OTH_Florian_Hammerich_s-375x375.png 375w\" sizes=\"auto, (max-width: 801px) 100vw, 801px\" \/><\/figure>\n\n\n\n<h2 class=\"wp-block-heading has-text-align-center has-dm-sans-font-family has-medium-font-size\" style=\"line-height:1.6\">Prof. Dr. Rudolf Bierl<br>Laborleiter SappZ<\/h2>\n<\/div>\n\n\n\n<div class=\"wp-block-column is-layout-flow wp-block-column-is-layout-flow\" style=\"--col-width:60%;flex-basis:60%\">\n<figure class=\"wp-block-image aligncenter size-full is-resized is-style-rounded\"><img loading=\"lazy\" decoding=\"async\" width=\"709\" height=\"709\" src=\"https:\/\/rcai.de\/wp-content\/uploads\/2024\/05\/2018-12-Matthias-Ehrnsperger-Passfoto-sq.jpg\" alt=\"\" class=\"wp-image-6344\" style=\"width:200px;height:200px\" srcset=\"https:\/\/rcai.de\/wp-content\/uploads\/2024\/05\/2018-12-Matthias-Ehrnsperger-Passfoto-sq.jpg 709w, https:\/\/rcai.de\/wp-content\/uploads\/2024\/05\/2018-12-Matthias-Ehrnsperger-Passfoto-sq-300x300.jpg 300w, https:\/\/rcai.de\/wp-content\/uploads\/2024\/05\/2018-12-Matthias-Ehrnsperger-Passfoto-sq-150x150.jpg 150w, https:\/\/rcai.de\/wp-content\/uploads\/2024\/05\/2018-12-Matthias-Ehrnsperger-Passfoto-sq-12x12.jpg 12w\" sizes=\"auto, (max-width: 709px) 100vw, 709px\" \/><\/figure>\n\n\n\n<h2 class=\"wp-block-heading has-text-align-center has-dm-sans-font-family has-medium-font-size\" style=\"line-height:1.6\">Prof. Dr. Matthias Ehrnsperger<br>Stellvertretender Laborleiter SappZ<br>Laborleiter Edge AI<\/h2>\n<\/div>\n<\/div>\n\n\n\n<div class=\"wp-block-columns alignwide tw-cols-stack-md is-layout-flex wp-container-core-columns-is-layout-41b5ec3a wp-block-columns-is-layout-flex\" style=\"padding-top:0;padding-right:0;padding-bottom:0;padding-left:0\">\n<div class=\"wp-block-column is-layout-flow wp-block-column-is-layout-flow\" style=\"--col-width:55%;flex-basis:55%\">\n<h2 class=\"wp-block-heading alignwide has-dm-sans-font-family\" style=\"font-size:clamp(1.25em, 1.25rem + ((1vw - 0.2em) * 1.364), 2em);\">Sensorik-Applikationszentrum (SappZ)<\/h2>\n\n\n\n<div style=\"height:30px\" aria-hidden=\"true\" class=\"wp-block-spacer\"><\/div>\n\n\n\n<p class=\"has-dm-sans-font-family\">Das Sensorik-Applikationszentrum (SappZ) ist ein Labor der Fakult\u00e4t Angewandte Natur- und Kulturwissenschaften der OTH Regensburg und besteht aus einer Gruppe von Forschenden und Studierenden. Gemeinsam vereint das junge, dynamische und interdisziplin\u00e4re Team im SappZ die Sensorik-Kompetenzen der Stadt Regensburg und l\u00e4sst es dadurch als Bindeglied zwischen Forschung und Wirtschaft fungieren.<\/p>\n\n\n\n<p class=\"has-dm-sans-font-family\">Die derzeitigen Megatrends Internet of Things (IoT), Industrie 4.0 und digitale Produktion sind in h\u00f6chstem Ma\u00dfe von Sensoren abh\u00e4ngig. Smart Grids erm\u00f6glichen eine effizientere Nutzung der verf\u00fcgbaren Energie, hoch automatisierte Fertigungen senken die Kosten und erh\u00f6hen die Qualit\u00e4t, autonome Fahrzeuge erh\u00f6hen die Sicherheit im Stra\u00dfenverkehr und intelligente, sichere und verl\u00e4ssliche Sensoren verringern die Ausfallwahrscheinlichkeiten von all diesen Systemen.<\/p>\n\n\n\n<div style=\"height:30px\" aria-hidden=\"true\" class=\"wp-block-spacer\"><\/div>\n\n\n\n<h4 class=\"wp-block-heading alignwide has-dm-sans-font-family\" style=\"font-size:clamp(0.984em, 0.984rem + ((1vw - 0.2em) * 0.938), 1.5em);\">Edge AI<\/h4>\n\n\n\n<div style=\"height:30px\" aria-hidden=\"true\" class=\"wp-block-spacer\"><\/div>\n\n\n\n<p class=\"has-dm-sans-font-family\">Ein gemeinsamer Schwerpunkt des SappZ und des Labors Edge AI ist die Implementierung von K\u00fcnstlicher Intelligenz direkt im Sensorknoten. Bilder und Signale werden hier in Echtzeit analysiert. Aktuell sind insbesondere folgende Forschungsschwerpunkte von Interesse:  <\/p>\n\n\n\n<ul class=\"wp-block-list\">\n<li>Hochfrequenzsensorik\n<ul class=\"wp-block-list\">\n<li>KI-basierte Auswertung von Radar- und UWB-Signalen<\/li>\n\n\n\n<li>Gestenerkennung anhand von Radarsignalen<\/li>\n<\/ul>\n<\/li>\n\n\n\n<li>Bildverarbeitung im Bereich des automatisierten\/autonomen Fahrens<\/li>\n\n\n\n<li>Agrartechnik zur Detektion von Pflanzenstressfaktoren anhand von Hyperspektralaufnahmen in Kombination mit KI<\/li>\n<\/ul>\n<\/div>\n\n\n\n<div class=\"wp-block-column is-vertically-aligned-top has-dm-sans-font-family is-layout-flow wp-block-column-is-layout-flow\">\n<div style=\"height:38px\" aria-hidden=\"true\" class=\"wp-block-spacer\"><\/div>\n\n\n\n<h3 class=\"wp-block-heading has-large-font-size\" style=\"margin-top:30px\">Fields of interest<\/h3>\n\n\n\n<p>Computer Vision<br>Mustererkennung<br><br>Edge AI<br><br>KI in Biologie, Geb\u00e4ude, Medizin, Produktion, Umwelt und im Automotive-Sektor<\/p>\n\n\n\n<h3 class=\"wp-block-heading has-large-font-size\" style=\"margin-top:30px\">Contact<\/h3>\n\n\n\n<p>+49 (0) 941 943-9761<br><a href=\"\/en\/&\/#109;a&#105;l&#116;o&#x3a;r&#x75;d&#x6f;l&#x66;&#46;&#x62;i&#x65;r&#x6c;&#64;&#x6f;t&#x68;-&#x72;&#101;&#x67;&#101;&#x6e;&#115;&#x62;&#117;&#x72;&#103;&#x2e;&#100;&#x65;\">&#x72;&#117;d&#x6f;&#108;f&#x2e;&#98;i&#x65;&#114;l&#x40;&#111;t&#x68;&#x2d;r&#x65;&#x67;&#101;&#x6e;&#x73;&#98;&#x75;&#x72;&#103;&#46;&#x64;&#101;<\/a><br><a href=\"https:\/\/www.sappz.de\/\">www.sappz.de<\/a><\/p>\n\n\n\n<ul class=\"wp-block-social-links has-small-icon-size has-icon-color is-style-logos-only tw-hover-opacity is-layout-flex wp-container-core-social-links-is-layout-53286a0f wp-block-social-links-is-layout-flex\"><li style=\"color:var(--wp--preset--color--contrast);\" class=\"wp-social-link wp-social-link-google has-contrast-color wp-block-social-link\"><a href=\"https:\/\/scholar.google.de\/citations?hl=de&#038;user=HZHFwM4AAAAJ\" class=\"wp-block-social-link-anchor\"><svg width=\"24\" height=\"24\" viewbox=\"0 0 24 24\" version=\"1.1\" xmlns=\"http:\/\/www.w3.org\/2000\/svg\" aria-hidden=\"true\" focusable=\"false\"><path d=\"M12.02,10.18v3.72v0.01h5.51c-0.26,1.57-1.67,4.22-5.5,4.22c-3.31,0-6.01-2.75-6.01-6.12s2.7-6.12,6.01-6.12 c1.87,0,3.13,0.8,3.85,1.48l2.84-2.76C16.99,2.99,14.73,2,12.03,2c-5.52,0-10,4.48-10,10s4.48,10,10,10c5.77,0,9.6-4.06,9.6-9.77 c0-0.83-0.11-1.42-0.25-2.05H12.02z\"><\/path><\/svg><span class=\"wp-block-social-link-label screen-reader-text\">Google<\/span><\/a><\/li><\/ul>\n\n\n\n<div style=\"height:30px\" aria-hidden=\"true\" class=\"wp-block-spacer\"><\/div>\n\n\n\n<p>+49 (0) 941 943-70314<br><a href=\"\/en\/ma&\/#105;&#108;&#x74;&#x6f;&#x3a;&#x6d;at&#116;&#104;&#x69;&#x61;&#x73;&#x2e;eh&#114;&#110;&#115;&#x70;&#x65;&#x72;&#x67;er&#64;&#111;&#x74;&#x68;&#x2d;&#x72;eg&#101;&#110;&#x73;&#x62;&#x75;&#x72;g&#46;&#100;&#101;\">&#x6d;&#x61;&#116;t&#x68;&#x69;&#97;s&#46;&#x65;&#x68;&#114;n&#x73;&#x70;&#101;&#114;g&#x65;&#x72;&#64;o&#x74;&#x68;&#45;&#114;e&#x67;&#x65;&#110;s&#x62;&#x75;&#114;&#103;&#46;&#x64;&#x65;<\/a><br><a href=\"https:\/\/www.oth-regensburg.de\/personen\/detailansicht\/matthias-ehrnsperger\">Website<\/a><\/p>\n\n\n\n<ul class=\"wp-block-social-links has-small-icon-size has-icon-color is-style-logos-only tw-hover-opacity is-layout-flex wp-container-core-social-links-is-layout-53286a0f wp-block-social-links-is-layout-flex\"><li style=\"color:var(--wp--preset--color--contrast);\" class=\"wp-social-link wp-social-link-linkedin has-contrast-color wp-block-social-link\"><a href=\"https:\/\/www.linkedin.com\/in\/prof-dr-matthias-ehrnsperger-125174138\" class=\"wp-block-social-link-anchor\"><svg width=\"24\" height=\"24\" viewbox=\"0 0 24 24\" version=\"1.1\" xmlns=\"http:\/\/www.w3.org\/2000\/svg\" aria-hidden=\"true\" focusable=\"false\"><path d=\"M19.7,3H4.3C3.582,3,3,3.582,3,4.3v15.4C3,20.418,3.582,21,4.3,21h15.4c0.718,0,1.3-0.582,1.3-1.3V4.3 C21,3.582,20.418,3,19.7,3z M8.339,18.338H5.667v-8.59h2.672V18.338z M7.004,8.574c-0.857,0-1.549-0.694-1.549-1.548 c0-0.855,0.691-1.548,1.549-1.548c0.854,0,1.547,0.694,1.547,1.548C8.551,7.881,7.858,8.574,7.004,8.574z M18.339,18.338h-2.669 v-4.177c0-0.996-0.017-2.278-1.387-2.278c-1.389,0-1.601,1.086-1.601,2.206v4.249h-2.667v-8.59h2.559v1.174h0.037 c0.356-0.675,1.227-1.387,2.526-1.387c2.703,0,3.203,1.779,3.203,4.092V18.338z\"><\/path><\/svg><span class=\"wp-block-social-link-label screen-reader-text\">LinkedIn<\/span><\/a><\/li><\/ul>\n<\/div>\n<\/div>\n<\/div>","protected":false},"excerpt":{"rendered":"<p>Prof. Dr. Rudolf BierlLaborleiter SappZ Prof. Dr. Matthias EhrnspergerStellvertretender Laborleiter SappZLaborleiter Edge AI Sensorik-Applikationszentrum (SappZ) Das Sensorik-Applikationszentrum (SappZ) ist ein Labor der Fakult\u00e4t Angewandte Natur- und Kulturwissenschaften der OTH Regensburg und besteht aus einer Gruppe von Forschenden und Studierenden. Gemeinsam vereint das junge, dynamische und interdisziplin\u00e4re Team im SappZ die Sensorik-Kompetenzen der Stadt Regensburg und [&hellip;]<\/p>\n","protected":false},"author":8,"featured_media":0,"parent":2811,"menu_order":0,"comment_status":"closed","ping_status":"closed","template":"","meta":{"cybocfi_hide_featured_image":"","footnotes":""},"categories":[],"tags":[],"class_list":["post-2838","page","type-page","status-publish","hentry"],"_links":{"self":[{"href":"https:\/\/rcai.de\/en\/wp-json\/wp\/v2\/pages\/2838","targetHints":{"allow":["GET"]}}],"collection":[{"href":"https:\/\/rcai.de\/en\/wp-json\/wp\/v2\/pages"}],"about":[{"href":"https:\/\/rcai.de\/en\/wp-json\/wp\/v2\/types\/page"}],"author":[{"embeddable":true,"href":"https:\/\/rcai.de\/en\/wp-json\/wp\/v2\/users\/8"}],"replies":[{"embeddable":true,"href":"https:\/\/rcai.de\/en\/wp-json\/wp\/v2\/comments?post=2838"}],"version-history":[{"count":10,"href":"https:\/\/rcai.de\/en\/wp-json\/wp\/v2\/pages\/2838\/revisions"}],"predecessor-version":[{"id":6354,"href":"https:\/\/rcai.de\/en\/wp-json\/wp\/v2\/pages\/2838\/revisions\/6354"}],"up":[{"embeddable":true,"href":"https:\/\/rcai.de\/en\/wp-json\/wp\/v2\/pages\/2811"}],"wp:attachment":[{"href":"https:\/\/rcai.de\/en\/wp-json\/wp\/v2\/media?parent=2838"}],"wp:term":[{"taxonomy":"category","embeddable":true,"href":"https:\/\/rcai.de\/en\/wp-json\/wp\/v2\/categories?post=2838"},{"taxonomy":"post_tag","embeddable":true,"href":"https:\/\/rcai.de\/en\/wp-json\/wp\/v2\/tags?post=2838"}],"curies":[{"name":"wp","href":"https:\/\/api.w.org\/{rel}","templated":true}]}}