{"id":2865,"date":"2022-12-20T00:21:33","date_gmt":"2022-12-19T23:21:33","guid":{"rendered":"https:\/\/rcai.de\/?page_id=2865"},"modified":"2023-02-15T13:06:51","modified_gmt":"2023-02-15T12:06:51","slug":"aims","status":"publish","type":"page","link":"https:\/\/rcai.de\/en\/labs\/aims\/","title":{"rendered":"Additive and Intelligent Manufacturing for Sustainability"},"content":{"rendered":"<div class=\"wp-block-group alignwide has-global-padding is-layout-constrained wp-block-group-is-layout-constrained\">\n<figure class=\"wp-block-image aligncenter size-full is-resized is-style-rounded\"><img loading=\"lazy\" decoding=\"async\" src=\"https:\/\/rcai.de\/wp-content\/uploads\/sites\/2\/2023\/01\/Bild_Laumer-796x1024_sq.jpg\" alt=\"\" class=\"wp-image-3922\" width=\"200\" height=\"200\" srcset=\"https:\/\/rcai.de\/wp-content\/uploads\/2023\/01\/Bild_Laumer-796x1024_sq.jpg 796w, https:\/\/rcai.de\/wp-content\/uploads\/2023\/01\/Bild_Laumer-796x1024_sq-300x300.jpg 300w, https:\/\/rcai.de\/wp-content\/uploads\/2023\/01\/Bild_Laumer-796x1024_sq-150x150.jpg 150w, https:\/\/rcai.de\/wp-content\/uploads\/2023\/01\/Bild_Laumer-796x1024_sq-768x768.jpg 768w, https:\/\/rcai.de\/wp-content\/uploads\/2023\/01\/Bild_Laumer-796x1024_sq-375x375.jpg 375w\" sizes=\"auto, (max-width: 200px) 100vw, 200px\" \/><\/figure>\n\n\n\n<h2 class=\"has-text-align-center has-dm-sans-font-family has-medium-font-size wp-block-heading\" style=\"line-height:1.6\">Prof. Dr.-Ing. Tobias Laumer<br>Laborleiter<\/h2>\n\n\n\n<div class=\"wp-block-columns alignwide tw-cols-stack-md is-layout-flex wp-container-core-columns-is-layout-41b5ec3a wp-block-columns-is-layout-flex\" style=\"padding-top:0;padding-right:0;padding-bottom:0;padding-left:0\">\n<div class=\"wp-block-column is-layout-flow wp-block-column-is-layout-flow\" style=\"--col-width:55%;flex-basis:55%\">\n<h2 class=\"alignwide has-dm-sans-font-family wp-block-heading\" style=\"font-size:clamp(1.25em, 1.25rem + ((1vw - 0.2em) * 1.364), 2em);\">Laboratory for Additive and Intelligent Manufacturing for Sustainability<\/h2>\n\n\n\n<div style=\"height:30px\" aria-hidden=\"true\" class=\"wp-block-spacer\"><\/div>\n\n\n\n<p class=\"has-dm-sans-font-family\">Das Labor Additive and Intelligent Manufacturing for Sustainability (AIMS) erforscht den gesamten Lebenszyklus von Produkten, beginnend mit der Entwicklung \u00fcber die Fertigung bis hin zum Recycling, gem\u00e4\u00df den Zielen f\u00fcr nachhaltige Entwicklung der Agenda 2030.<\/p>\n\n\n\n<p class=\"has-dm-sans-font-family\">Der Fokus liegt dabei auf:<\/p>\n\n\n\n<ul class=\"is-style-tw-dash has-dm-sans-font-family wp-block-list\">\n<li>Weiterentwicklung von Fertigungstechnologien mit Schwerpunkt auf additiven Verfahren<\/li>\n\n\n\n<li>Einsatz von Methoden der K\u00fcnstlichen Intelligenz f\u00fcr ressourceneffiziente Produktentwicklung und intelligente Fertigungsprozessregelung<\/li>\n\n\n\n<li>Erforschung des Potentials und der Einsatzgrenzen von recycelten Werkstoffen<\/li>\n<\/ul>\n<\/div>\n\n\n\n<div class=\"wp-block-column is-vertically-aligned-top has-dm-sans-font-family is-layout-flow wp-block-column-is-layout-flow\">\n<div style=\"height:84px\" aria-hidden=\"true\" class=\"wp-block-spacer\"><\/div>\n\n\n\n<h3 class=\"has-large-font-size wp-block-heading\" style=\"margin-top:30px\">Fields of interest<\/h3>\n\n\n\n<p>Computer Vision<br>Mustererkennung<br>Signalanalyse<br><br>KI in Produktion und Umwelt<br>Knowledge Transfer<\/p>\n\n\n\n<h3 class=\"has-large-font-size wp-block-heading\" style=\"margin-top:30px\">Contact<\/h3>\n\n\n\n<p>+49 (0) 941 943-9876<br><a href=\"\/en\/&\/#x6d;a&#x69;&#108;&#x74;&#x6f;:&#x74;&#111;&#x62;&#x69;a&#x73;&#46;&#x6c;&#x61;u&#x6d;&#101;&#x72;&#x40;o&#x74;&#104;&#x2d;&#x72;e&#x67;&#101;&#x6e;&#x73;b&#x75;&#114;&#x67;&#x2e;d&#x65;\">&#116;&#x6f;&#98;&#x69;&#97;&#x73;&#46;&#x6c;a&#x75;m&#x65;r&#x40;o&#116;&#x68;&#45;&#x72;&#101;&#x67;&#101;&#x6e;&#115;&#x62;u&#x72;g&#x2e;d&#x65;<\/a><br><a href=\"https:\/\/www.oth-regensburg.de\/personen\/detailansicht\/tobias-laumer\">Website<\/a><\/p>\n\n\n\n<ul class=\"wp-block-social-links has-small-icon-size has-icon-color is-style-logos-only tw-hover-opacity is-layout-flex wp-container-core-social-links-is-layout-53286a0f wp-block-social-links-is-layout-flex\"><li style=\"color:var(--wp--preset--color--contrast);\" class=\"wp-social-link wp-social-link-linkedin has-contrast-color wp-block-social-link\"><a href=\"https:\/\/de.linkedin.com\/in\/prof-dr-tobias-laumer-95b899100\" class=\"wp-block-social-link-anchor\"><svg width=\"24\" height=\"24\" viewbox=\"0 0 24 24\" version=\"1.1\" xmlns=\"http:\/\/www.w3.org\/2000\/svg\" aria-hidden=\"true\" focusable=\"false\"><path d=\"M19.7,3H4.3C3.582,3,3,3.582,3,4.3v15.4C3,20.418,3.582,21,4.3,21h15.4c0.718,0,1.3-0.582,1.3-1.3V4.3 C21,3.582,20.418,3,19.7,3z M8.339,18.338H5.667v-8.59h2.672V18.338z M7.004,8.574c-0.857,0-1.549-0.694-1.549-1.548 c0-0.855,0.691-1.548,1.549-1.548c0.854,0,1.547,0.694,1.547,1.548C8.551,7.881,7.858,8.574,7.004,8.574z M18.339,18.338h-2.669 v-4.177c0-0.996-0.017-2.278-1.387-2.278c-1.389,0-1.601,1.086-1.601,2.206v4.249h-2.667v-8.59h2.559v1.174h0.037 c0.356-0.675,1.227-1.387,2.526-1.387c2.703,0,3.203,1.779,3.203,4.092V18.338z\"><\/path><\/svg><span class=\"wp-block-social-link-label screen-reader-text\">LinkedIn<\/span><\/a><\/li>\n\n<li style=\"color:var(--wp--preset--color--contrast);\" class=\"wp-social-link wp-social-link-google has-contrast-color wp-block-social-link\"><a href=\"https:\/\/scholar.google.de\/citations?hl=de&#038;user=VcFOE8oAAAAJ\" class=\"wp-block-social-link-anchor\"><svg width=\"24\" height=\"24\" viewbox=\"0 0 24 24\" version=\"1.1\" xmlns=\"http:\/\/www.w3.org\/2000\/svg\" aria-hidden=\"true\" focusable=\"false\"><path d=\"M12.02,10.18v3.72v0.01h5.51c-0.26,1.57-1.67,4.22-5.5,4.22c-3.31,0-6.01-2.75-6.01-6.12s2.7-6.12,6.01-6.12 c1.87,0,3.13,0.8,3.85,1.48l2.84-2.76C16.99,2.99,14.73,2,12.03,2c-5.52,0-10,4.48-10,10s4.48,10,10,10c5.77,0,9.6-4.06,9.6-9.77 c0-0.83-0.11-1.42-0.25-2.05H12.02z\"><\/path><\/svg><span class=\"wp-block-social-link-label screen-reader-text\">Google<\/span><\/a><\/li><\/ul>\n<\/div>\n<\/div>\n<\/div>","protected":false},"excerpt":{"rendered":"<p>Prof. Dr.-Ing. Tobias LaumerLaborleiter Labor Additive and Intelligent Manufacturing for Sustainability Das Labor Additive and Intelligent Manufacturing for Sustainability (AIMS) erforscht den gesamten Lebenszyklus von Produkten, beginnend mit der Entwicklung \u00fcber die Fertigung bis hin zum Recycling, gem\u00e4\u00df den Zielen f\u00fcr nachhaltige Entwicklung der Agenda 2030. Der Fokus liegt dabei auf: Interessensgebiete Computer VisionMustererkennungSignalanalyse KI [&hellip;]<\/p>\n","protected":false},"author":8,"featured_media":0,"parent":2811,"menu_order":0,"comment_status":"closed","ping_status":"closed","template":"","meta":{"cybocfi_hide_featured_image":"","footnotes":""},"categories":[],"tags":[],"class_list":["post-2865","page","type-page","status-publish","hentry"],"_links":{"self":[{"href":"https:\/\/rcai.de\/en\/wp-json\/wp\/v2\/pages\/2865","targetHints":{"allow":["GET"]}}],"collection":[{"href":"https:\/\/rcai.de\/en\/wp-json\/wp\/v2\/pages"}],"about":[{"href":"https:\/\/rcai.de\/en\/wp-json\/wp\/v2\/types\/page"}],"author":[{"embeddable":true,"href":"https:\/\/rcai.de\/en\/wp-json\/wp\/v2\/users\/8"}],"replies":[{"embeddable":true,"href":"https:\/\/rcai.de\/en\/wp-json\/wp\/v2\/comments?post=2865"}],"version-history":[{"count":1,"href":"https:\/\/rcai.de\/en\/wp-json\/wp\/v2\/pages\/2865\/revisions"}],"predecessor-version":[{"id":4354,"href":"https:\/\/rcai.de\/en\/wp-json\/wp\/v2\/pages\/2865\/revisions\/4354"}],"up":[{"embeddable":true,"href":"https:\/\/rcai.de\/en\/wp-json\/wp\/v2\/pages\/2811"}],"wp:attachment":[{"href":"https:\/\/rcai.de\/en\/wp-json\/wp\/v2\/media?parent=2865"}],"wp:term":[{"taxonomy":"category","embeddable":true,"href":"https:\/\/rcai.de\/en\/wp-json\/wp\/v2\/categories?post=2865"},{"taxonomy":"post_tag","embeddable":true,"href":"https:\/\/rcai.de\/en\/wp-json\/wp\/v2\/tags?post=2865"}],"curies":[{"name":"wp","href":"https:\/\/api.w.org\/{rel}","templated":true}]}}