{"id":5160,"date":"2023-09-24T20:51:34","date_gmt":"2023-09-24T18:51:34","guid":{"rendered":"https:\/\/rcai.de\/?page_id=5160"},"modified":"2023-10-02T01:58:57","modified_gmt":"2023-10-01T23:58:57","slug":"prof-dr-thomas-kriza","status":"publish","type":"page","link":"https:\/\/rcai.de\/en\/labs\/prof-dr-thomas-kriza\/","title":{"rendered":"Prof. Dr. Thomas Kriza"},"content":{"rendered":"<div class=\"wp-block-group alignwide has-global-padding is-layout-constrained wp-block-group-is-layout-constrained\">\n<figure class=\"wp-block-image aligncenter size-full is-resized is-style-rounded\"><img loading=\"lazy\" decoding=\"async\" src=\"https:\/\/rcai.de\/wp-content\/uploads\/2023\/09\/OTH-ANK-Portrait-200323_0407_q2.jpg\" alt=\"\" class=\"wp-image-5163\" style=\"width:200px;height:200px\" width=\"200\" height=\"200\" srcset=\"https:\/\/rcai.de\/wp-content\/uploads\/2023\/09\/OTH-ANK-Portrait-200323_0407_q2.jpg 994w, https:\/\/rcai.de\/wp-content\/uploads\/2023\/09\/OTH-ANK-Portrait-200323_0407_q2-300x300.jpg 300w, https:\/\/rcai.de\/wp-content\/uploads\/2023\/09\/OTH-ANK-Portrait-200323_0407_q2-150x150.jpg 150w, https:\/\/rcai.de\/wp-content\/uploads\/2023\/09\/OTH-ANK-Portrait-200323_0407_q2-768x768.jpg 768w\" sizes=\"auto, (max-width: 200px) 100vw, 200px\" \/><\/figure>\n\n\n\n<h2 class=\"wp-block-heading has-text-align-center has-dm-sans-font-family has-medium-font-size\" style=\"line-height:1.6\">Prof. Dr. Thomas Kriza<\/h2>\n\n\n\n<div class=\"wp-block-columns alignwide tw-cols-stack-md is-layout-flex wp-container-core-columns-is-layout-41b5ec3a wp-block-columns-is-layout-flex\" style=\"padding-top:0;padding-right:0;padding-bottom:0;padding-left:0\">\n<div class=\"wp-block-column is-layout-flow wp-block-column-is-layout-flow\" style=\"--col-width:53%;flex-basis:53%\">\n<h2 class=\"wp-block-heading alignwide has-dm-sans-font-family\" style=\"font-size:clamp(1.25em, 1.25rem + ((1vw - 0.2em) * 1.364), 2em);\">Ethical Issues of Digitalization<\/h2>\n\n\n\n<div style=\"height:30px\" aria-hidden=\"true\" class=\"wp-block-spacer\"><\/div>\n\n\n\n<p class=\"has-dm-sans-font-family\">Der Schwerpunkt liegt auf der Untersuchung der ethischen Fragen, die von Digitalisierungstechnologien wie KI aufgeworfen werden. Die <a rel=\"noreferrer noopener\" href=\"https:\/\/rsds.oth-regensburg.de\/ueber-uns\/digitalisierung-unsere-definition\" target=\"_blank\">Digitalisierung<\/a> als Durchdringung aller Lebensbereiche durch Informations- und Kommunikationstechnik geht mit <strong>gesellschaftlichen Transformationsprozessen<\/strong> und weitreichenden <strong>ethischen und philosophischen Fragen<\/strong> einher.<\/p>\n\n\n\n<p class=\"has-dm-sans-font-family\">Hierzu geh\u00f6ren die M\u00f6glichkeiten des Einsatzes von <strong>KI-gest\u00fctzten Anwendungen in der Hochschullehre<\/strong> und die damit verbundenen ethischen Fragen (vgl. Projekt <a href=\"https:\/\/rcai.de\/en\/2023\/01\/29\/haski\/\">HASKI<\/a>) sowie die <strong>didaktische Erforschung<\/strong> der transdisziplin\u00e4ren Thematisierung von ethischen Fragen der Digitalisierung in der Hochschullehre.<\/p>\n\n\n\n<p class=\"has-dm-sans-font-family\">Ein weiteres wichtiges Anliegen ist die Erforschung der Auswirkungen von Digitalisierungstechnologien auf gesellschaftliche Grundwerte und <strong>Menschenbilder<\/strong>: Wie ver\u00e4ndern Technologien wie KI unsere Auffassung des Menschen als freies und selbstbestimmtes Individuum mit einer unantastbaren W\u00fcrde? Welche Potentiale er\u00f6ffnen Digitalisierungstechnologien f\u00fcr unser Leben und wie lassen sich kulturell tradierte Grundwerte und Vorstellungen des guten Lebens in die durch Digitalisierung bestimmte Gegenwart transformieren (vgl. hierzu Monografie zur <a rel=\"noreferrer noopener\" href=\"https:\/\/meiner.de\/die-frage-nach-dem-sinn-des-lebens.html\" target=\"_blank\">Frage nach dem Sinn des Lebens<\/a>)?<\/p>\n\n\n\n<h3 class=\"wp-block-heading has-dm-sans-font-family has-large-font-size\" style=\"margin-top:30px\">Philosophisches Caf\u00e9<\/h3>\n\n\n\n<p class=\"has-dm-sans-font-family\">Eine wichtige Plattform f\u00fcr die Thematisierung derartiger Fragen ist das <a rel=\"noreferrer noopener\" href=\"https:\/\/www.oth-regensburg.de\/studieren\/im-studium\/aw-programm\/das-philosophische-cafe\" target=\"_blank\">philosophische Caf\u00e9<\/a> der OTH Regensburg. Das philosophische Caf\u00e9 ist eine regelm\u00e4\u00dfig in jedem Semester stattfindende, offene, interdisziplin\u00e4re philosophische Diskussionsreihe, die von Studierenden \u00fcber das AW-Programm als Lehrveranstaltung belegt werden kann, von Studierenden auch komplett frei besucht werden kann und offen ist f\u00fcr alle Lehrenden und Mitarbeiter und Mitarbeiterinnen der OTH sowie auch f\u00fcr alle interessierten B\u00fcrger und B\u00fcrgerinnen von Regensburg. Einige Sitzungen zu besonderen Themen finden vor gr\u00f6\u00dferem Publikum statt und werden durch l\u00e4ngere Vortr\u00e4ge eingeleitet. Hierzu geh\u00f6ren regelm\u00e4\u00dfig auch Themen mit KI-Bezug, so z.B. KI und menschliche Kreativit\u00e4t am Beispiel der Musik (16.05.22), KI in den Biotechnologien (21.11.22) sowie KI in der Sicherheitspolitik (20.12.22).<\/p>\n<\/div>\n\n\n\n<div class=\"wp-block-column is-vertically-aligned-top has-dm-sans-font-family is-layout-flow wp-block-column-is-layout-flow\">\n<div style=\"height:40px\" aria-hidden=\"true\" class=\"wp-block-spacer\"><\/div>\n\n\n\n<h3 class=\"wp-block-heading has-large-font-size\" style=\"margin-top:30px\">Fields of interest<\/h3>\n\n\n\n<p>Ethische und philosophische Fragen der Digitalisierung und Neurotechnik<br><\/p>\n\n\n\n<p>Interdisziplin\u00e4re Didaktik technikethischer Fragen<br><\/p>\n\n\n\n<p>Einsatz von KI in der Hochschullehre<br><\/p>\n\n\n\n<p>Philosophische Sinnfragen und die Frage nach dem guten Leben im Kontext moderner Technik<\/p>\n\n\n\n<h3 class=\"wp-block-heading has-large-font-size\" style=\"margin-top:30px\">Contact<\/h3>\n\n\n\n<p>+49 (0) 941 943-9240<br><a href=\"\/en\/&\/#x6d;&#x61;&#x69;&#x6c;&#x74;&#111;&#58;&#116;&#104;oma&#x73;&#x2e;&#x6b;&#x72;&#x69;&#x7a;&#97;&#64;&#111;th-&#x72;&#x65;&#x67;&#x65;&#x6e;&#x73;&#98;&#117;&#114;&#103;&#46;de\">&#116;h&#x6f;m&#x61;&#115;&#x2e;&#107;&#x72;&#105;z&#x61;&#64;&#x6f;&#116;&#x68;&#45;&#x72;&#101;&#x67;&#101;n&#x73;b&#x75;&#114;&#x67;&#46;&#x64;&#101;<\/a>  <br><a href=\"https:\/\/rsds.oth-regensburg.de\/thomas-kriza\">Website<\/a><\/p>\n<\/div>\n<\/div>\n\n\n\n<p><\/p>\n<\/div>","protected":false},"excerpt":{"rendered":"<p>Prof. Dr. Thomas Kriza Ethische Fragen der Digitalisierung Der Schwerpunkt liegt auf der Untersuchung der ethischen Fragen, die von Digitalisierungstechnologien wie KI aufgeworfen werden. Die Digitalisierung als Durchdringung aller Lebensbereiche durch Informations- und Kommunikationstechnik geht mit gesellschaftlichen Transformationsprozessen und weitreichenden ethischen und philosophischen Fragen einher. Hierzu geh\u00f6ren die M\u00f6glichkeiten des Einsatzes von KI-gest\u00fctzten Anwendungen in [&hellip;]<\/p>\n","protected":false},"author":8,"featured_media":0,"parent":2811,"menu_order":0,"comment_status":"closed","ping_status":"closed","template":"","meta":{"cybocfi_hide_featured_image":"","footnotes":""},"categories":[],"tags":[],"class_list":["post-5160","page","type-page","status-publish","hentry"],"_links":{"self":[{"href":"https:\/\/rcai.de\/en\/wp-json\/wp\/v2\/pages\/5160","targetHints":{"allow":["GET"]}}],"collection":[{"href":"https:\/\/rcai.de\/en\/wp-json\/wp\/v2\/pages"}],"about":[{"href":"https:\/\/rcai.de\/en\/wp-json\/wp\/v2\/types\/page"}],"author":[{"embeddable":true,"href":"https:\/\/rcai.de\/en\/wp-json\/wp\/v2\/users\/8"}],"replies":[{"embeddable":true,"href":"https:\/\/rcai.de\/en\/wp-json\/wp\/v2\/comments?post=5160"}],"version-history":[{"count":11,"href":"https:\/\/rcai.de\/en\/wp-json\/wp\/v2\/pages\/5160\/revisions"}],"predecessor-version":[{"id":5207,"href":"https:\/\/rcai.de\/en\/wp-json\/wp\/v2\/pages\/5160\/revisions\/5207"}],"up":[{"embeddable":true,"href":"https:\/\/rcai.de\/en\/wp-json\/wp\/v2\/pages\/2811"}],"wp:attachment":[{"href":"https:\/\/rcai.de\/en\/wp-json\/wp\/v2\/media?parent=5160"}],"wp:term":[{"taxonomy":"category","embeddable":true,"href":"https:\/\/rcai.de\/en\/wp-json\/wp\/v2\/categories?post=5160"},{"taxonomy":"post_tag","embeddable":true,"href":"https:\/\/rcai.de\/en\/wp-json\/wp\/v2\/tags?post=5160"}],"curies":[{"name":"wp","href":"https:\/\/api.w.org\/{rel}","templated":true}]}}