{"id":5239,"date":"2023-10-09T01:07:21","date_gmt":"2023-10-08T23:07:21","guid":{"rendered":"https:\/\/rcai.de\/?page_id=5239"},"modified":"2024-05-16T14:14:20","modified_gmt":"2024-05-16T12:14:20","slug":"students","status":"publish","type":"page","link":"https:\/\/rcai.de\/en\/students\/","title":{"rendered":"Students"},"content":{"rendered":"<h2 class=\"wp-block-heading alignwide has-dm-sans-font-family\">For Students<\/h2>\n\n\n\n<div class=\"wp-block-group alignwide has-global-padding is-layout-constrained wp-block-group-is-layout-constrained\">\n<h6 class=\"wp-block-heading alignwide has-dm-sans-font-family\" style=\"text-transform:none\">OTH Regensburg not only focuses on artificial intelligence in research, but also prepares students for their future as AI experts with numerous services.<\/h6>\n<\/div>\n\n\n\n<div style=\"height:60px\" aria-hidden=\"true\" class=\"wp-block-spacer\"><\/div>\n\n\n\n<h2 class=\"wp-block-heading alignwide has-dm-sans-font-family has-x-large-font-size\" style=\"font-style:normal;font-weight:500\">Study Programme<\/h2>\n\n\n\n<div class=\"wp-block-columns alignwide is-layout-flex wp-container-core-columns-is-layout-d0b3c9c8 wp-block-columns-is-layout-flex\">\n<div class=\"wp-block-column is-vertically-aligned-center is-layout-flow wp-block-column-is-layout-flow\" style=\"padding-right:var(--wp--preset--spacing--30);padding-left:var(--wp--preset--spacing--30)\">\n<h6 class=\"wp-block-heading has-dm-sans-font-family has-medium-font-size\" style=\"text-transform:none\"><strong>Computer Science and Mathematics<\/strong><\/h6>\n\n\n\n<h6 class=\"wp-block-heading has-dm-sans-font-family has-medium-font-size\" style=\"text-transform:none\">In the Bachelor's degree programme <a href=\"https:\/\/www.oth-regensburg.de\/studieren\/studienganguebersicht\/detailansicht\/kuenstliche-intelligenz-und-data-science-studieren-bachelor\">Artificial Intelligence &amp; Data Science<\/a> at the Faculty of Computer Science and Mathematics, you will dedicate yourself entirely to the fascinating methods of artificial intelligence. A suitable specialisation in the <a href=\"https:\/\/www.oth-regensburg.de\/studieren\/studienganguebersicht\/detailansicht\/informatik-studieren-master\">Master Computer Science<\/a> is open since the summer semester 2024.<\/h6>\n\n\n\n<h6 class=\"wp-block-heading has-dm-sans-font-family has-medium-font-size\" style=\"text-transform:none\">Modules of the <a href=\"https:\/\/informatik-mathematik.oth-regensburg.de\/\">Faculty of Computer Science and Mathematics<\/a>:<br>&#8211; Applied Data Science with Python (Bachelor)<br>\u2013 Business Intelligence and its Applications (Bachelor)<br>&#8211; Data Mining (Bachelor)<br>\u2013 NoSQL Databases (Bachelor)<br>\u2013 Quantum Computing (Bachelor)<br>\u2013 Robotics (Bachelor)<br>\u2013 Speech Dialogue Systems (Bachelor)<br>\u2013 Expert Systems and Machine Learning (Master)<br>\u2013 IT Security of Networked Applications and Systems (Master)<br>\u2013 AI-Based Medical Image Processing (Master)<br>&#8211; Statistical Learning (Master)<\/h6>\n<\/div>\n\n\n\n<div class=\"wp-block-column is-layout-flow wp-block-column-is-layout-flow\" style=\"--col-width:50%;flex-basis:50%\">\n<div class=\"wp-block-cover is-light\" style=\"min-height:566px;aspect-ratio:unset;\"><span aria-hidden=\"true\" class=\"wp-block-cover__background has-background-dim-100 has-background-dim\" style=\"background-color:#f4f2f7\"><\/span><div class=\"wp-block-cover__inner-container has-global-padding is-layout-constrained wp-block-cover-is-layout-constrained\">\n<figure class=\"wp-block-image size-large\"><img loading=\"lazy\" decoding=\"async\" width=\"1024\" height=\"516\" src=\"https:\/\/rcai.de\/wp-content\/uploads\/2023\/10\/KI_DS-1024x516.png\" alt=\"\" class=\"wp-image-5245\" srcset=\"https:\/\/rcai.de\/wp-content\/uploads\/2023\/10\/KI_DS-1024x516.png 1024w, https:\/\/rcai.de\/wp-content\/uploads\/2023\/10\/KI_DS-300x151.png 300w, https:\/\/rcai.de\/wp-content\/uploads\/2023\/10\/KI_DS-768x387.png 768w, https:\/\/rcai.de\/wp-content\/uploads\/2023\/10\/KI_DS.png 1483w\" sizes=\"auto, (max-width: 1024px) 100vw, 1024px\" \/><figcaption class=\"wp-element-caption\">Artificial Intelligence &amp; Data Science degree programme (Photo: Barbara Uhl, OTH Regensburg)<\/figcaption><\/figure>\n<\/div><\/div>\n<\/div>\n<\/div>\n\n\n\n<div class=\"wp-block-columns alignwide is-layout-flex wp-container-core-columns-is-layout-d0b3c9c8 wp-block-columns-is-layout-flex\">\n<div class=\"wp-block-column is-layout-flow wp-block-column-is-layout-flow\" style=\"--col-width:50%;flex-basis:50%\">\n<div class=\"wp-block-cover is-light\" style=\"min-height:368px;aspect-ratio:unset;\"><span aria-hidden=\"true\" class=\"wp-block-cover__background has-background-dim-100 has-background-dim\" style=\"background-color:#f4f2f7\"><\/span><div class=\"wp-block-cover__inner-container has-global-padding is-layout-constrained wp-block-cover-is-layout-constrained\">\n<figure class=\"wp-block-image size-large\"><img loading=\"lazy\" decoding=\"async\" width=\"1024\" height=\"511\" src=\"https:\/\/rcai.de\/wp-content\/uploads\/2023\/10\/ISE-1024x511.png\" alt=\"\" class=\"wp-image-5278\" srcset=\"https:\/\/rcai.de\/wp-content\/uploads\/2023\/10\/ISE-1024x511.png 1024w, https:\/\/rcai.de\/wp-content\/uploads\/2023\/10\/ISE-300x150.png 300w, https:\/\/rcai.de\/wp-content\/uploads\/2023\/10\/ISE-768x383.png 768w, https:\/\/rcai.de\/wp-content\/uploads\/2023\/10\/ISE.png 1486w\" sizes=\"auto, (max-width: 1024px) 100vw, 1024px\" \/><figcaption class=\"wp-element-caption\">Intelligent Systems Engineering degree programme (Photo: Florian Hammerich, OTH Regensburg)<\/figcaption><\/figure>\n<\/div><\/div>\n<\/div>\n\n\n\n<div class=\"wp-block-column is-vertically-aligned-center is-layout-flow wp-block-column-is-layout-flow\" style=\"padding-right:var(--wp--preset--spacing--30);padding-left:var(--wp--preset--spacing--30)\">\n<h6 class=\"wp-block-heading has-dm-sans-font-family has-medium-font-size\" style=\"text-transform:none\"><strong>Electrical Engineering and Information Technology<\/strong><\/h6>\n\n\n\n<h6 class=\"wp-block-heading has-dm-sans-font-family has-medium-font-size\" style=\"text-transform:none\">The Bachelor's degree programme <a href=\"https:\/\/www.oth-regensburg.de\/studieren\/studienganguebersicht\/detailansicht\/intelligent-systems-engineering-studieren-bachelor\">Intelligent Systems Engineering<\/a> is all about the interface between AI software and hardware and the ever-increasing networking of intelligent systems.<\/h6>\n<\/div>\n<\/div>\n\n\n\n<div class=\"wp-block-columns alignwide is-layout-flex wp-container-core-columns-is-layout-d0b3c9c8 wp-block-columns-is-layout-flex\">\n<div class=\"wp-block-column is-vertically-aligned-center is-layout-flow wp-block-column-is-layout-flow\" style=\"--col-width:;padding-right:var(--wp--preset--spacing--30);padding-left:var(--wp--preset--spacing--30)\">\n<h6 class=\"wp-block-heading has-dm-sans-font-family has-medium-font-size\" style=\"text-transform:none\"><strong>Mechanical Engineering<\/strong><\/h6>\n\n\n\n<h6 class=\"wp-block-heading has-dm-sans-font-family has-medium-font-size\" style=\"text-transform:none\">Digital twins and the digitalisation of production are the focus of the Master's degree programme <a href=\"https:\/\/www.oth-regensburg.de\/studieren\/studienganguebersicht\/detailansicht\/industrial-engineering-studieren-bachelor\">Industrial Engineering<\/a> of the Faculty of Mechanical Engineering.<\/h6>\n\n\n\n<h6 class=\"wp-block-heading has-dm-sans-font-family has-medium-font-size\" style=\"text-transform:none\">Modules of the Faculty of Mechanical Engineering:<br>\u2013 Networked Digital Systems (Bachelor)<br>\u2013 RSDS courses<br><\/h6>\n<\/div>\n\n\n\n<div class=\"wp-block-column is-vertically-aligned-center is-layout-flow wp-block-column-is-layout-flow\" style=\"--col-width:50%;flex-basis:50%\">\n<div class=\"wp-block-cover is-light\" style=\"min-height:177px;aspect-ratio:unset;\"><span aria-hidden=\"true\" class=\"wp-block-cover__background has-background-dim-100 has-background-dim\" style=\"background-color:#f4f2f7\"><\/span><div class=\"wp-block-cover__inner-container has-global-padding is-layout-constrained wp-block-cover-is-layout-constrained\">\n<figure class=\"wp-block-image size-large\"><img loading=\"lazy\" decoding=\"async\" width=\"1024\" height=\"510\" src=\"https:\/\/rcai.de\/wp-content\/uploads\/2023\/10\/Industrial_Engineering-1024x510.png\" alt=\"\" class=\"wp-image-5281\" srcset=\"https:\/\/rcai.de\/wp-content\/uploads\/2023\/10\/Industrial_Engineering-1024x510.png 1024w, https:\/\/rcai.de\/wp-content\/uploads\/2023\/10\/Industrial_Engineering-300x149.png 300w, https:\/\/rcai.de\/wp-content\/uploads\/2023\/10\/Industrial_Engineering-768x383.png 768w, https:\/\/rcai.de\/wp-content\/uploads\/2023\/10\/Industrial_Engineering.png 1481w\" sizes=\"auto, (max-width: 1024px) 100vw, 1024px\" \/><figcaption class=\"wp-element-caption\">Master's programme in Industrial Engineering (Photo: Andreas Ellermeier, OTH Regensburg)<\/figcaption><\/figure>\n<\/div><\/div>\n<\/div>\n<\/div>\n\n\n\n<div class=\"wp-block-columns alignwide is-layout-flex wp-container-core-columns-is-layout-d0b3c9c8 wp-block-columns-is-layout-flex\">\n<div class=\"wp-block-column is-layout-flow wp-block-column-is-layout-flow\" style=\"--col-width:50%;flex-basis:50%\">\n<div class=\"wp-block-cover is-light\" style=\"min-height:522px;aspect-ratio:unset;\"><span aria-hidden=\"true\" class=\"wp-block-cover__background has-background-dim-100 has-background-dim\" style=\"background-color:#f4f2f7\"><\/span><div class=\"wp-block-cover__inner-container has-global-padding is-layout-constrained wp-block-cover-is-layout-constrained\">\n<figure class=\"wp-block-image size-large\"><img loading=\"lazy\" decoding=\"async\" width=\"1024\" height=\"510\" src=\"https:\/\/rcai.de\/wp-content\/uploads\/2023\/10\/rsds-1024x510.png\" alt=\"\" class=\"wp-image-5282\" srcset=\"https:\/\/rcai.de\/wp-content\/uploads\/2023\/10\/rsds-1024x510.png 1024w, https:\/\/rcai.de\/wp-content\/uploads\/2023\/10\/rsds-300x149.png 300w, https:\/\/rcai.de\/wp-content\/uploads\/2023\/10\/rsds-768x383.png 768w, https:\/\/rcai.de\/wp-content\/uploads\/2023\/10\/rsds-1536x765.png 1536w, https:\/\/rcai.de\/wp-content\/uploads\/2023\/10\/rsds.png 1883w\" sizes=\"auto, (max-width: 1024px) 100vw, 1024px\" \/><figcaption class=\"wp-element-caption\">Regensburg School for Digital Sciences (Photo: OTH Regensburg)<\/figcaption><\/figure>\n<\/div><\/div>\n<\/div>\n\n\n\n<div class=\"wp-block-column is-vertically-aligned-center is-layout-flow wp-block-column-is-layout-flow\" style=\"padding-right:var(--wp--preset--spacing--30);padding-left:var(--wp--preset--spacing--30)\">\n<h6 class=\"wp-block-heading has-dm-sans-font-family has-medium-font-size\" style=\"text-transform:none\"><strong>Interdisciplinary Services<\/strong><\/h6>\n\n\n\n<h6 class=\"wp-block-heading has-dm-sans-font-family has-medium-font-size\" style=\"text-transform:none\">The following modules are open for <strong>all<\/strong> students.<\/h6>\n\n\n\n<h6 class=\"wp-block-heading has-dm-sans-font-family has-medium-font-size\" style=\"text-transform:none\">Courses of the <a href=\"https:\/\/rsds.oth-regensburg.de\">Regensburg School for Digital Sciences (RSDS)<\/a>:<br>&#8211; Data Analytics (Bachelor)<br>\u2013 Data Science with Python (Bachelor)<br>&#8211; Data Science &amp; IoT Projects: Train your own Machine Learning Model (Bachelor)<br>&#8211; Digital Competencies and Learning Lab (Bachelor)<br>\u2013 Digitalisation in Human Resources Management (Bachelor)<br>\u2013 Machine Learning &amp; AI in Mechanical Engineering (Bachelor)<br>\u2013 Machine Learning &amp; AI with Python (Bachelor)<br>\u2013 Digitalisation and Ethics (Bachelor, Master)<br>&#8211; Predictive Maintenance (Bachelor, Master)<br>\u2013 Cognitive Systems (Master)<br>\u2013 Additional study programme Digital Skills<br>\u2013 Additional study programme Quantum Computing<\/h6>\n<\/div>\n<\/div>\n\n\n\n<div style=\"height:60px\" aria-hidden=\"true\" class=\"wp-block-spacer\"><\/div>\n\n\n\n<div class=\"wp-block-group alignwide has-background has-global-padding is-layout-constrained wp-block-group-is-layout-constrained\" style=\"background:linear-gradient(135deg,rgb(153,157,196) 4%,rgb(190,197,226) 84%)\">\n<h2 class=\"wp-block-heading alignwide has-base-color has-text-color has-dm-sans-font-family has-x-large-font-size\" style=\"text-transform:none\">Do you have any questions or are you looking for a project or thesis?<\/h2>\n\n\n\n<div class=\"wp-block-buttons alignwide is-layout-flex wp-block-buttons-is-layout-flex\">\n<div class=\"wp-block-button has-custom-font-size is-style-outline has-dm-sans-font-family has-medium-font-size is-style-outline--1\"><a class=\"wp-block-button__link has-base-color has-text-color wp-element-button\" href=\"\/en\/&\/#x6d;&#97;i&#x6c;&#116;o&#x3a;&#114;c&#x61;&#105;&#64;&#x6f;&#116;h&#x2d;&#x72;e&#x67;&#x65;&#110;&#x73;&#x62;&#117;&#x72;&#x67;&#46;d&#x65;\">Contact us<\/a><\/div>\n<\/div>\n<\/div>\n\n\n\n<div style=\"height:85px\" aria-hidden=\"true\" class=\"wp-block-spacer\"><\/div>\n\n\n\n<h2 class=\"wp-block-heading alignwide has-dm-sans-font-family has-x-large-font-size\" style=\"font-style:normal;font-weight:500\">Promotion of Start-ups<\/h2>\n\n\n\n<div class=\"wp-block-columns alignwide is-layout-flex wp-container-core-columns-is-layout-d0b3c9c8 wp-block-columns-is-layout-flex\">\n<div class=\"wp-block-column is-vertically-aligned-center is-layout-flow wp-block-column-is-layout-flow\" style=\"padding-right:var(--wp--preset--spacing--30);padding-left:var(--wp--preset--spacing--30)\">\n<h6 class=\"wp-block-heading has-dm-sans-font-family has-medium-font-size\" style=\"text-transform:none\"><strong>Start-up Center<\/strong><\/h6>\n\n\n\n<h6 class=\"wp-block-heading has-dm-sans-font-family has-medium-font-size\" style=\"text-transform:none\">Do you have an idea for a new service or product based on artificial intelligence? The <a href=\"https:\/\/www.oth-regensburg.de\/studieren\/nach-dem-studium\/existenzgruendung-start-up-center\">Start-up Center<\/a> of OTH Regensburg advises and supports you on your way to setting up your own business. In addition to arranging funding and financing options, it also supports you with legal issues as well as networking and public relations.<\/h6>\n\n\n\n<h6 class=\"wp-block-heading has-dm-sans-font-family has-medium-font-size\" style=\"text-transform:none\">The Start-up Lab, the Start-up Centre's makerspace, opens up space for new opportunities to work hands-on on innovative developments using the latest technologies.<\/h6>\n<\/div>\n\n\n\n<div class=\"wp-block-column is-layout-flow wp-block-column-is-layout-flow\" style=\"--col-width:50%;flex-basis:50%\">\n<div class=\"wp-block-cover is-light\" style=\"min-height:447px;aspect-ratio:unset;\"><span aria-hidden=\"true\" class=\"wp-block-cover__background has-background-dim-100 has-background-dim\" style=\"background-color:#f4f2f7\"><\/span><div class=\"wp-block-cover__inner-container has-global-padding is-layout-constrained wp-block-cover-is-layout-constrained\">\n<figure class=\"wp-block-image size-large\"><img loading=\"lazy\" decoding=\"async\" width=\"1024\" height=\"512\" src=\"https:\/\/rcai.de\/wp-content\/uploads\/2023\/10\/Startup-Lab-1024x512.png\" alt=\"\" class=\"wp-image-5248\" srcset=\"https:\/\/rcai.de\/wp-content\/uploads\/2023\/10\/Startup-Lab-1024x512.png 1024w, https:\/\/rcai.de\/wp-content\/uploads\/2023\/10\/Startup-Lab-300x150.png 300w, https:\/\/rcai.de\/wp-content\/uploads\/2023\/10\/Startup-Lab-768x384.png 768w, https:\/\/rcai.de\/wp-content\/uploads\/2023\/10\/Startup-Lab.png 1201w\" sizes=\"auto, (max-width: 1024px) 100vw, 1024px\" \/><figcaption class=\"wp-element-caption\">Start-up Lab: Innovation and creativity in the makerspace at OTH Regensburg (Photo: OTH Regensburg)<\/figcaption><\/figure>\n<\/div><\/div>\n<\/div>\n<\/div>","protected":false},"excerpt":{"rendered":"<p>F\u00fcr Studierende Die OTH Regensburg setzt nicht nur in der Forschung Schwerpunkte auf K\u00fcnstliche Intelligenz, sondern bereitet Studierende mit zahlreichen Angeboten auf Ihre Zukunft als KI-Expertinnen und Experten vor. Studium Informatik und Mathematik Im Bachelorstudiengang K\u00fcnstliche Intelligenz &amp; Data Science der Fakult\u00e4t Informatik und Mathematik widmen Sie sich ganz den faszinierenden Methoden der K\u00fcnstlichen Intelligenz. [&hellip;]<\/p>\n","protected":false},"author":8,"featured_media":0,"parent":0,"menu_order":0,"comment_status":"closed","ping_status":"closed","template":"","meta":{"cybocfi_hide_featured_image":"","footnotes":""},"categories":[],"tags":[],"class_list":["post-5239","page","type-page","status-publish","hentry"],"_links":{"self":[{"href":"https:\/\/rcai.de\/en\/wp-json\/wp\/v2\/pages\/5239","targetHints":{"allow":["GET"]}}],"collection":[{"href":"https:\/\/rcai.de\/en\/wp-json\/wp\/v2\/pages"}],"about":[{"href":"https:\/\/rcai.de\/en\/wp-json\/wp\/v2\/types\/page"}],"author":[{"embeddable":true,"href":"https:\/\/rcai.de\/en\/wp-json\/wp\/v2\/users\/8"}],"replies":[{"embeddable":true,"href":"https:\/\/rcai.de\/en\/wp-json\/wp\/v2\/comments?post=5239"}],"version-history":[{"count":61,"href":"https:\/\/rcai.de\/en\/wp-json\/wp\/v2\/pages\/5239\/revisions"}],"predecessor-version":[{"id":6378,"href":"https:\/\/rcai.de\/en\/wp-json\/wp\/v2\/pages\/5239\/revisions\/6378"}],"wp:attachment":[{"href":"https:\/\/rcai.de\/en\/wp-json\/wp\/v2\/media?parent=5239"}],"wp:term":[{"taxonomy":"category","embeddable":true,"href":"https:\/\/rcai.de\/en\/wp-json\/wp\/v2\/categories?post=5239"},{"taxonomy":"post_tag","embeddable":true,"href":"https:\/\/rcai.de\/en\/wp-json\/wp\/v2\/tags?post=5239"}],"curies":[{"name":"wp","href":"https:\/\/api.w.org\/{rel}","templated":true}]}}