{"id":7473,"date":"2025-12-15T17:48:53","date_gmt":"2025-12-15T16:48:53","guid":{"rendered":"https:\/\/rcai.de\/?page_id=7473"},"modified":"2026-04-02T10:51:51","modified_gmt":"2026-04-02T08:51:51","slug":"ai-day","status":"publish","type":"page","link":"https:\/\/rcai.de\/en\/ai-day\/","title":{"rendered":"AI Day"},"content":{"rendered":"<div class=\"wp-block-cover alignwide\" style=\"margin-top:0;padding-top:48px;padding-right:5vw;padding-bottom:48px;padding-left:5vw;min-height:280px;aspect-ratio:unset;\"><img loading=\"lazy\" decoding=\"async\" width=\"1024\" height=\"771\" sizes=\"auto, (max-width: 799px) 200vw, (max-width: 1232px) 100vw, 1232px\" class=\"wp-block-cover__image-background wp-image-7476 size-large\" alt=\"\" src=\"https:\/\/rcai.de\/wp-content\/uploads\/2025\/12\/ai_day_2026-1024x771.png\" data-object-fit=\"cover\" srcset=\"https:\/\/rcai.de\/wp-content\/uploads\/2025\/12\/ai_day_2026-1024x771.png 1024w, https:\/\/rcai.de\/wp-content\/uploads\/2025\/12\/ai_day_2026-300x226.png 300w, https:\/\/rcai.de\/wp-content\/uploads\/2025\/12\/ai_day_2026-768x578.png 768w, https:\/\/rcai.de\/wp-content\/uploads\/2025\/12\/ai_day_2026-16x12.png 16w, https:\/\/rcai.de\/wp-content\/uploads\/2025\/12\/ai_day_2026.png 1232w\" \/><span aria-hidden=\"true\" class=\"wp-block-cover__background has-contrast-background-color has-background-dim\"><\/span><div class=\"wp-block-cover__inner-container is-layout-flow wp-block-cover-is-layout-flow\">\n<div class=\"wp-block-group is-content-justification-space-between is-layout-flex wp-container-core-group-is-layout-b04426d0 wp-block-group-is-layout-flex\">\n<div class=\"wp-block-group wp-container-content-9cfa9a5a is-layout-flow wp-container-core-group-is-layout-d6743c7d wp-block-group-is-layout-flow\">\n<p class=\"has-text-align-left has-white-color has-text-color has-link-color wp-elements-45a88b1bb7c49454f583aa060b83a724\" style=\"font-size:clamp(76.201px, 4.763rem + ((1vw - 3.2px) * 10.886), 172px);font-style:normal;font-weight:700;letter-spacing:-10px;line-height:0.7;text-transform:uppercase\"><strong>AI Da<\/strong>Y<\/p>\n<\/div>\n\n\n\n<p><\/p>\n\n\n\n<div class=\"wp-block-group wp-container-content-9dbf05af is-layout-flow wp-container-core-group-is-layout-634f0b9d wp-block-group-is-layout-flow\">\n<div class=\"wp-block-group is-content-justification-right is-nowrap is-layout-flex wp-container-core-group-is-layout-f7496aeb wp-block-group-is-layout-flex\">\n<p class=\"has-white-color has-text-color has-link-color wp-elements-bfd3d6d1ae056a1c300512f3e94a3fa9\" style=\"font-size:clamp(14px, 0.875rem + ((1vw - 3.2px) * 0.341), 17px);font-style:normal;font-weight:700;letter-spacing:0px;text-decoration:none;text-transform:uppercase\">April 22, 2026<br>OTH Regensburg<br><\/p>\n<\/div>\n<\/div>\n\n\n\n<div class=\"wp-block-buttons is-layout-flex wp-block-buttons-is-layout-flex\">\n<div class=\"wp-block-button is-style-fill\"><a class=\"wp-block-button__link has-pale-pink-background-color has-background wp-element-button\" href=\"https:\/\/eveeno.com\/ai-day\">Register now!<\/a><\/div>\n<\/div>\n<\/div>\n<\/div><\/div>\n\n\n\n<div class=\"wp-block-columns alignwide is-layout-flex wp-container-core-columns-is-layout-d0b3c9c8 wp-block-columns-is-layout-flex\">\n<div class=\"wp-block-column is-layout-flow wp-block-column-is-layout-flow\">\n<p>On Wednesday, April 22, the Research Center for Artificial Intelligence will host the second AI day at OTH Regensburg, bringing together professionals and students in the field of AI to discuss latest advances and new ideas.<\/p>\n<\/div>\n<\/div>\n\n\n\n<p><\/p>\n\n\n\n<p><\/p>\n\n\n\n<div class=\"wp-block-group alignfull has-tertiary-background-color has-background has-global-padding is-layout-constrained wp-block-group-is-layout-constrained\">\n<h2 class=\"wp-block-heading has-text-align-center\">Agenda<\/h2>\n\n\n\n<div class=\"wp-block-group alignwide has-base-background-color has-background is-layout-flow wp-block-group-is-layout-flow\" style=\"padding-top:32px;padding-right:32px;padding-bottom:32px;padding-left:32px\">\n<figure class=\"wp-block-table tw-row-valign-top is-style-tw-border-h-inner\"><table><tbody><tr><td>09:30<\/td><td><em>Registration<\/em><\/td><\/tr><tr><td>10:00 &#8211; 10:15<\/td><td>Welcome Notes<br>Prof. Dr. Christoph Skornia, Vice-President of OTH Regensburg<br>Prof. Dr. Wolfgang Mauerer, Chairman of RCAI<\/td><\/tr><tr><td>10:15 &#8211; 11:00<\/td><td>Keynote<br><a href=\"https:\/\/www.dbs.ifi.lmu.de\/~tresp\/\">Prof. Dr. Volker Tresp, LMU Munich<\/a><\/td><\/tr><tr><td>11:00 &#8211; 12:15<\/td><td>Talks<br><br>Learning from Imbalanced Data: Informative Subsampling for Rare Event Prediction<br>Prof. Dr. Anja Schmiedt, OTH Regensburg<br><br>Understanding Pixel Defects in Automotive Headlamps Through Scalable Causal Modeling<br>Dr. Daniel Gr\u00fcnbaum &amp; Dr. Sebastian Imhof, ams-OSRAM International GmbH<br><br>From Static AI to Continuous Learning: A Scalable Production Strategy<br>Dr. Saad Al-Baddai, Infineon Technologies AG<br><br>Explicit Design Intent as Context for AI Coding Assistants: A lightweight Model-Based <br>Software Engineering Approach<br>Dr. Michael Deubzer, knowis AG<br><br>Uncovering Hidden Risks: Leveraging AI Agents, Graph Databases, and the Model <br>Context Protocol for Augmented Anti-Money Laundering Investigations<br>Dr. Andreas Schneider, IBM<\/td><\/tr><tr><td>12:15 &#8211; 13:00<\/td><td><em>Networking Lunch<\/em><\/td><\/tr><tr><td>13:00 &#8211; 13:50<\/td><td>Demonstrator Session<br><br><em>Non-competitive talk<\/em><br>Pflastern 4.0<br>Simon H\u00f6ng, OTH Regensburg<br><br><em>Competition<\/em><br>Real-Time Medical Fact-Checking for Instagram Reels<br>Jonas Boerschmann &amp; Rijak Singh Malhotra, Technische Universit\u00e4t Chemnitz<br><br>Knowledge Manager<br>Denis Bucher, OTH Regensburg<br><br>AI Assisted CAD: Natural Language based 3D Modelling<br>Leon Dresel, OTH Regensburg<br><br>ScopeWeaver &#8211; Bringing AI out of the black box<br>Noah Mei\u00dfner &amp; Samuel Bullard, Universit\u00e4t Regensburg<br><br>Anki Overdrive Quantum Reinforcement Learning Demonstrator<br>Benjamin Zec, OTH Regensburg<\/td><\/tr><tr><td>13:50 &#8211; 14:00<\/td><td>Poster Spotlights<\/td><\/tr><tr><td>14:00 &#8211; 15:00<\/td><td>Poster Session<br><br><em>Industry<\/em><br>CopyStop \u2013 Development of a GenAI Model for Digitalizing a Spare Part Order Process<br>Andreas Erras, Manuel Reichelt, Nikola Rihl &amp; Stephanie Sorg, Infineon Technologies AG<br><br>Agentic Framework \u2013 Enabling Knowledge Driven Decisions<br>Manuel Reichelt, Daniel Broxtermann, Infineon Technologies AG<br><br>Methodology for developing time series edge AI for dishwasher<br>Dr. Daniel Miller, Manuel J\u00f6rg, BSH Hausger\u00e4te GmbH<br><br>Patronus Protect: A System-Wide On-Device Security Layer for Controlling LLM Interactions<br>Dominik Hommer, Benedikt Veith, Patronous Project<br><br>Industrial applications of AI: custom AI solutions and novel ideas<br>Prof. Dr. Claus Koss, OTH Regensburg<br><br><em>Society<\/em><br>Ku\u0308nstliche Intelligenz in der Sozialen Arbeit: Bedarf, Akzeptanz und <br>Umsetzungsm\u00f6glichkeiten in der Kinder- und Jugendhilfe<br>Maximilian Schultz, OTH Regensburg<br><br>Nachhaltigkeitsziele und Zivilgesellschaft: Nichtregierungsorganisationen im Zeitalter<br>der Ku\u0308nstlichen Intelligenz<br>Maximilian Schultz, OTH Regensburg<br><br><em>Mobility<\/em><br>Identifying Cyclist Riding Styles Using Drone-Based Trajectory Data and Volatility<br>Clustering in Free-Flow Traffic Conditions<br>Hussein Bachir, Prof. Dr. Simone Weikl, OTH Regensburg<br><br>Urban Traffic Analysis Using Street-Level Video Footage<br>Prakhar Bhardwaj, Prof. Dr. Simone Weikl, OTH Regensburg<br><br>Chancen und Grenzen autonomer Mobilit\u00e4t im l\u00e4ndlichen \u00d6PNV<br>Ulrike Scorna, Vanessa Mu\u0308cke &amp; Prof. Dr. Karsten Weber, OTH Regensburg<br><br><em>Medicine<\/em><br>DIY Challenge Blueprint: From Organization to Technical Implementation in <br>Biomedical Image Analysis<br>Leonard Klausmann, OTH Regensburg<br><br>Improving Generalization in Mitotic Cell Detection via Domain Transformations<br>Max Gutbrod, OTH Regensburg<\/td><\/tr><tr><td>15:00 &#8211; 15:30<\/td><td><em>Coffee and Networking Break<\/em><\/td><\/tr><tr><td>15:30 &#8211; 17:00<\/td><td>Keynotes<br><br><a href=\"https:\/\/www.linkedin.com\/in\/dieter-kranzlmueller\">Prof. Dr. Dieter Kranzlm\u00fcller, LRZ<\/a><br><br><a href=\"https:\/\/www.linkedin.com\/in\/daniel-hofmann-824516159\/\">Daniel Hofmann, Telekom<\/a>: AI Gigafactory &#8211; AI Vision and Research to Measurable Value<br>Die AI\u202fGigafactory zeigt, wie Unternehmen k\u00fcnstliche Intelligenz systematisch von ersten <br>Ideen in messbaren, skalierbaren Wert \u00fcberf\u00fchren k\u00f6nnen. Durch die Verbindung modernster <br>GPU\u2011Infrastruktur mit leistungsf\u00e4higen Datenplattformen und industriellen KI\u2011Workflows <br>entsteht eine produktive \u201eAI\u2011Fabrik\u201c, in der sich komplexe Modelle, Digital Twins und <br>Echtzeitanwendungen erheblich schneller entwickeln und betreiben lassen. Sie erm\u00f6glicht <br>dar\u00fcber hinaus konkrete industrielle Anwendungsf\u00e4lle wie vorausschauende Wartung, <br>automatisierte Qualit\u00e4tsinspektion oder gro\u00dfskalige Simulationen, die direkt in operative <br>Prozesse integriert werden k\u00f6nnen und die Effizienz ganzer Wertsch\u00f6pfungsketten steigern. <br>Gleichzeitig gew\u00e4hrleistet das Konzept volle Kontrolle \u00fcber Daten, Betrieb und geistiges <br>Eigentum \u2013 ein zentraler Baustein europ\u00e4ischer technologischer Souver\u00e4nit\u00e4t.<br>Die AI\u202fGigafactory demonstriert damit, wie souver\u00e4ne, leistungsf\u00e4hige KI\u2011Infrastrukturen zum <br>entscheidenden Hebel f\u00fcr intelligente Steuerung realer Systeme werden. Ein Projekt, das von <br>genau diesen F\u00e4higkeiten profitiert und deren gesellschaftlichen Nutzen exemplarisch sichtbar <br>macht, ist AIAMO: Es entwickelt ein KI\u2011gest\u00fctztes, multimodales Mobilit\u00e4tsmanagement und <br>zeigt, wie anspruchsvolle Zukunftsanwendungen durch skalierbaren Compute, kuratierte Daten <br>und fortgeschrittene Modelle \u00fcberhaupt erst m\u00f6glich werden. So verbindet die Keynote <br>technologische Vision mit konkretem Nutzen \u2013 f\u00fcr Industrie, Forschung und gesellschaftliche <br>Infrastruktur.<\/td><\/tr><tr><td>17:00 &#8211; 17:15<\/td><td>Demonstrator Award Ceremony<\/td><\/tr><tr><td>17:15<\/td><td><em>Closing Remarks<\/em><\/td><\/tr><tr><td><\/td><td><\/td><\/tr><\/tbody><\/table><\/figure>\n<\/div>\n<\/div>\n\n\n\n<div class=\"wp-block-columns is-layout-flex wp-container-core-columns-is-layout-d0b3c9c8 wp-block-columns-is-layout-flex\">\n<div class=\"wp-block-column is-layout-flow wp-block-column-is-layout-flow\">\n<div style=\"height:40px\" aria-hidden=\"true\" class=\"wp-block-spacer\"><\/div>\n\n\n\n<p class=\"has-text-align-center\"><strong>With kind support from<\/strong><\/p>\n\n\n\n<div class=\"wp-block-columns is-layout-flex wp-container-core-columns-is-layout-d0b3c9c8 wp-block-columns-is-layout-flex\">\n<div class=\"wp-block-column is-vertically-aligned-center is-layout-flow wp-block-column-is-layout-flow\" style=\"--col-width:39%;flex-basis:39%\">\n<figure class=\"wp-block-image alignright size-full is-resized\"><a href=\"https:\/\/ams-osram.com\/de\/\"><img loading=\"lazy\" decoding=\"async\" width=\"619\" height=\"115\" src=\"https:\/\/rcai.de\/wp-content\/uploads\/2026\/03\/ams_OSRAM_VCI_Landscape_Standard_RGB_M_cut.png\" alt=\"\" class=\"wp-image-7787\" style=\"aspect-ratio:2.265466243551023;object-fit:contain;width:206px;height:auto\" srcset=\"https:\/\/rcai.de\/wp-content\/uploads\/2026\/03\/ams_OSRAM_VCI_Landscape_Standard_RGB_M_cut.png 619w, https:\/\/rcai.de\/wp-content\/uploads\/2026\/03\/ams_OSRAM_VCI_Landscape_Standard_RGB_M_cut-300x56.png 300w, https:\/\/rcai.de\/wp-content\/uploads\/2026\/03\/ams_OSRAM_VCI_Landscape_Standard_RGB_M_cut-18x3.png 18w\" sizes=\"auto, (max-width: 619px) 100vw, 619px\" \/><\/a><\/figure>\n<\/div>\n\n\n\n<div class=\"wp-block-column is-vertically-aligned-center is-layout-flow wp-block-column-is-layout-flow\" style=\"--col-width:33%;flex-basis:33%\">\n<figure class=\"wp-block-image alignright size-large is-resized\" style=\"margin-right:var(--wp--preset--spacing--30);margin-left:var(--wp--preset--spacing--30)\"><a href=\"https:\/\/www.infineon.com\/\"><img loading=\"lazy\" decoding=\"async\" width=\"1024\" height=\"452\" src=\"https:\/\/rcai.de\/wp-content\/uploads\/2026\/03\/Infineon-Logo.svg_-1024x452.png\" alt=\"\" class=\"wp-image-7749\" style=\"aspect-ratio:2.265466243551023;width:206px;height:auto\" srcset=\"https:\/\/rcai.de\/wp-content\/uploads\/2026\/03\/Infineon-Logo.svg_-1024x452.png 1024w, https:\/\/rcai.de\/wp-content\/uploads\/2026\/03\/Infineon-Logo.svg_-300x132.png 300w, https:\/\/rcai.de\/wp-content\/uploads\/2026\/03\/Infineon-Logo.svg_-768x339.png 768w, https:\/\/rcai.de\/wp-content\/uploads\/2026\/03\/Infineon-Logo.svg_-1536x678.png 1536w, https:\/\/rcai.de\/wp-content\/uploads\/2026\/03\/Infineon-Logo.svg_-2048x904.png 2048w, https:\/\/rcai.de\/wp-content\/uploads\/2026\/03\/Infineon-Logo.svg_-18x8.png 18w\" sizes=\"auto, (max-width: 1024px) 100vw, 1024px\" \/><\/a><\/figure>\n<\/div>\n\n\n\n<div class=\"wp-block-column is-vertically-aligned-center is-layout-flow wp-block-column-is-layout-flow\" style=\"--col-width:15%;flex-basis:15%\">\n<figure class=\"wp-block-image aligncenter size-full is-resized\"><a href=\"https:\/\/www.knowis.com\/\"><img loading=\"lazy\" decoding=\"async\" width=\"225\" height=\"225\" src=\"https:\/\/rcai.de\/wp-content\/uploads\/2026\/03\/knowis.jpg\" alt=\"\" class=\"wp-image-7780\" style=\"width:141px;height:auto\" srcset=\"https:\/\/rcai.de\/wp-content\/uploads\/2026\/03\/knowis.jpg 225w, https:\/\/rcai.de\/wp-content\/uploads\/2026\/03\/knowis-150x150.jpg 150w, https:\/\/rcai.de\/wp-content\/uploads\/2026\/03\/knowis-12x12.jpg 12w\" sizes=\"auto, (max-width: 225px) 100vw, 225px\" \/><\/a><\/figure>\n<\/div>\n<\/div>\n\n\n\n<div style=\"height:40px\" aria-hidden=\"true\" class=\"wp-block-spacer\"><\/div>\n<\/div>\n<\/div>\n\n\n\n<div class=\"wp-block-columns alignwide is-layout-flex wp-container-core-columns-is-layout-e3f1d60f wp-block-columns-is-layout-flex\" style=\"margin-bottom:0\">\n<div class=\"wp-block-column has-text-color has-background has-link-color wp-elements-1bc7a02d32355329203eb951c28933b0 is-layout-flow wp-block-column-is-layout-flow\" style=\"color:#000000;background-color:#ecc2f2;padding-top:2em;padding-right:2em;padding-bottom:2em;padding-left:2em\">\n<h2 class=\"wp-block-heading\" id=\"patron\" style=\"font-size:clamp(24.034px, 1.502rem + ((1vw - 3.2px) * 1.814), 40px);\"><strong>Registration<\/strong><\/h2>\n\n\n\n<p>Participation is open to everyone and free of charge. Visit us on April 22!<\/p>\n\n\n\n<div class=\"wp-block-buttons alignfull is-horizontal is-content-justification-center is-layout-flex wp-container-core-buttons-is-layout-03627597 wp-block-buttons-is-layout-flex\">\n<div class=\"wp-block-button has-custom-width wp-block-button__width-100\"><a class=\"wp-block-button__link has-white-color has-text-color has-background no-border-radius wp-element-button\" href=\"https:\/\/eveeno.com\/ai-day\" style=\"background-color:#000000\">Register now!<\/a><\/div>\n<\/div>\n<\/div>\n<\/div>\n\n\n\n<p><\/p>\n\n\n\n<div class=\"wp-block-columns alignwide is-layout-flex wp-container-core-columns-is-layout-e3f1d60f wp-block-columns-is-layout-flex\" style=\"margin-bottom:0\">\n<div class=\"wp-block-column has-text-color has-background has-link-color wp-elements-c3b6c818e18441da38a0276013016815 is-layout-flow wp-block-column-is-layout-flow\" style=\"color:#000000;background-color:#c0ebf1;padding-top:2em;padding-right:2em;padding-bottom:2em;padding-left:2em\">\n<h2 class=\"wp-block-heading\" id=\"patron\" style=\"font-size:clamp(24.034px, 1.502rem + ((1vw - 3.2px) * 1.814), 40px);\"><strong>Marketing Opportunities<\/strong><\/h2>\n\n\n\n<p class=\"has-normal-font-size\">We invite<strong> <\/strong>external AI enthusiasts to take advantage of our marketing packages to make new contacts and recruit young talents in the faculty of computer science and mathematics at OTH.<\/p>\n\n\n\n<hr class=\"wp-block-separator has-css-opacity is-style-wide\"\/>\n\n\n\n<p><strong>Premium (1500 \u20ac):<\/strong><\/p>\n\n\n\n<ul class=\"wp-block-list\">\n<li>Company booth in the foyer (2m x 2m)<\/li>\n\n\n\n<li>Roll-up in the lecture hall<\/li>\n\n\n\n<li>Video (up to 3 minutes) on marketing monitors in the conference area and during breaks in the lecture hall<\/li>\n\n\n\n<li>Logo placement on conference website, slides and marketing monitors<\/li>\n<\/ul>\n\n\n\n<p><strong>Advanced (1000 \u20ac):<\/strong><\/p>\n\n\n\n<ul class=\"wp-block-list\">\n<li>Roll-up in the foyer<\/li>\n\n\n\n<li>Video (up to 1 minute) on marketing monitors in the conference area and during breaks in the lecture hall<\/li>\n\n\n\n<li>Logo placement on conference webite, slides and marketing monitors<\/li>\n<\/ul>\n\n\n\n<p><strong>Light (500 \u20ac):<\/strong><\/p>\n\n\n\n<ul class=\"wp-block-list\">\n<li>Logo placement on conference website, slides and marketing monitors<\/li>\n<\/ul>\n\n\n\n<div class=\"wp-block-buttons alignfull is-horizontal is-content-justification-center is-layout-flex wp-container-core-buttons-is-layout-03627597 wp-block-buttons-is-layout-flex\">\n<div class=\"wp-block-button has-custom-width wp-block-button__width-100\"><a class=\"wp-block-button__link has-white-color has-text-color has-background no-border-radius wp-element-button\" href=\"\/en\/&\/#x6d;&#x61;&#x69;&#x6c;&#x74;&#x6f;&#x3a;&#x72;&#x63;&#x61;&#x69;&#x40;&#x6f;&#x74;&#x68;&#x2d;&#x72;&#x65;&#x67;&#x65;&#x6e;&#x73;&#x62;&#x75;&#x72;&#x67;&#x2e;&#x64;&#x65;\" style=\"background-color:#000000\">Contact us<\/a><\/div>\n<\/div>\n<\/div>\n<\/div>","protected":false},"excerpt":{"rendered":"<p>On Wednesday, April 22, the Research Center for Artificial Intelligence will host the second AI day at OTH Regensburg, bringing together professionals and students in the field of AI to discuss latest advances and new ideas. Agenda 09:30 Registration 10:00 &#8211; 10:15 Welcome NotesProf. Dr. Christoph Skornia, Vice-President of OTH RegensburgProf. Dr. Wolfgang Mauerer, Chairman [&hellip;]<\/p>\n","protected":false},"author":8,"featured_media":0,"parent":0,"menu_order":0,"comment_status":"closed","ping_status":"closed","template":"","meta":{"cybocfi_hide_featured_image":"","footnotes":""},"categories":[48],"tags":[],"class_list":["post-7473","page","type-page","status-publish","hentry","category-news"],"_links":{"self":[{"href":"https:\/\/rcai.de\/en\/wp-json\/wp\/v2\/pages\/7473","targetHints":{"allow":["GET"]}}],"collection":[{"href":"https:\/\/rcai.de\/en\/wp-json\/wp\/v2\/pages"}],"about":[{"href":"https:\/\/rcai.de\/en\/wp-json\/wp\/v2\/types\/page"}],"author":[{"embeddable":true,"href":"https:\/\/rcai.de\/en\/wp-json\/wp\/v2\/users\/8"}],"replies":[{"embeddable":true,"href":"https:\/\/rcai.de\/en\/wp-json\/wp\/v2\/comments?post=7473"}],"version-history":[{"count":69,"href":"https:\/\/rcai.de\/en\/wp-json\/wp\/v2\/pages\/7473\/revisions"}],"predecessor-version":[{"id":7806,"href":"https:\/\/rcai.de\/en\/wp-json\/wp\/v2\/pages\/7473\/revisions\/7806"}],"wp:attachment":[{"href":"https:\/\/rcai.de\/en\/wp-json\/wp\/v2\/media?parent=7473"}],"wp:term":[{"taxonomy":"category","embeddable":true,"href":"https:\/\/rcai.de\/en\/wp-json\/wp\/v2\/categories?post=7473"},{"taxonomy":"post_tag","embeddable":true,"href":"https:\/\/rcai.de\/en\/wp-json\/wp\/v2\/tags?post=7473"}],"curies":[{"name":"wp","href":"https:\/\/api.w.org\/{rel}","templated":true}]}}